{"id":1136,"date":"2015-08-03T11:34:56","date_gmt":"2015-08-03T15:34:56","guid":{"rendered":"https:\/\/brixi.ca\/?page_id=1136"},"modified":"2021-03-23T14:38:56","modified_gmt":"2021-03-23T18:38:56","slug":"find-the-working-space-you-need-today-within-budget","status":"publish","type":"page","link":"https:\/\/brixi.ca\/en\/find-the-working-space-you-need-today-within-budget\/","title":{"rendered":"Brixi\u2019s Leasing Opportunities"},"content":{"rendered":"<p>Find the working space you need <strong>today within budget!<\/strong><\/p>\n<p>Our real-estate portfolio consists of several hundred thousand square feet in rental surfaces strategically located mainly on Montreal\u2019s South Shore along with some of Quebec\u2019s most influential economic poles. It features various office, commercial and industrial spaces for rent.<\/p>\n<p>Wait no further! Consult our leasing section below or simply give us a call for any inquiry. We will be more than happy to assist you in every way we can.<\/p>\n<p>Outstanding work environments at very competitive prices, proactive client-focused approach, and rigorous result-oriented management are among the multiple benefits you will discover with us!<\/p>\n<p>Welcome to you!<\/p>\n<p>&nbsp;<\/p>\n<p>**Please take note that all visits of our spaces are made in accordance with the public health recommendations**<\/p>\n","protected":false},"excerpt":{"rendered":"<p>Find the working space you need today within budget! Our real-estate portfolio consists of several hundred thousand square feet in rental surfaces strategically located mainly on Montreal\u2019s South Shore along with some of Quebec\u2019s most influential economic poles. It features various office, commercial and industrial spaces for rent. Wait no further! Consult our leasing section [&hellip;]<\/p>\n","protected":false},"author":1,"featured_media":0,"parent":0,"menu_order":0,"comment_status":"open","ping_status":"open","template":"template-location.php","meta":[],"yoast_head":"<!-- This site is optimized with the Yoast SEO plugin v17.3 - https:\/\/yoast.com\/wordpress\/plugins\/seo\/ -->\n<meta name=\"robots\" content=\"index, follow, max-snippet:-1, max-image-preview:large, max-video-preview:-1\" \/>\n<link rel=\"canonical\" href=\"https:\/\/brixi.ca\/en\/find-the-working-space-you-need-today-within-budget\/\" \/>\n<meta property=\"og:locale\" content=\"en_US\" \/>\n<meta property=\"og:type\" content=\"article\" \/>\n<meta property=\"og:title\" content=\"Brixi\u2019s Leasing Opportunities - Les Entreprises Brixi\" \/>\n<meta property=\"og:description\" content=\"Find the working space you need today within budget! Our real-estate portfolio consists of several hundred thousand square feet in rental surfaces strategically located mainly on Montreal\u2019s South Shore along with some of Quebec\u2019s most influential economic poles. It features various office, commercial and industrial spaces for rent. Wait no further! Consult our leasing section [&hellip;]\" \/>\n<meta property=\"og:url\" content=\"https:\/\/brixi.ca\/en\/find-the-working-space-you-need-today-within-budget\/\" \/>\n<meta property=\"og:site_name\" content=\"Les Entreprises Brixi\" \/>\n<meta property=\"article:modified_time\" content=\"2021-03-23T18:38:56+00:00\" \/>\n<meta name=\"twitter:card\" content=\"summary_large_image\" \/>\n<meta name=\"twitter:label1\" content=\"Est. reading time\" \/>\n\t<meta name=\"twitter:data1\" content=\"1 minute\" \/>\n<script type=\"application\/ld+json\" class=\"yoast-schema-graph\">{\"@context\":\"https:\/\/schema.org\",\"@graph\":[{\"@type\":\"WebSite\",\"@id\":\"https:\/\/brixi.ca\/fr\/#website\",\"url\":\"https:\/\/brixi.ca\/fr\/\",\"name\":\"Les Entreprises Brixi\",\"description\":\"Entreprise familiale sp\\u00e9cialis\\u00e9e dans la location de surfaces \\u00e0 bureaux sur la Rive-Sud de Montr\\u00e9al\",\"potentialAction\":[{\"@type\":\"SearchAction\",\"target\":{\"@type\":\"EntryPoint\",\"urlTemplate\":\"https:\/\/brixi.ca\/fr\/?s={search_term_string}\"},\"query-input\":\"required name=search_term_string\"}],\"inLanguage\":\"en-US\"},{\"@type\":\"WebPage\",\"@id\":\"https:\/\/brixi.ca\/en\/find-the-working-space-you-need-today-within-budget\/#webpage\",\"url\":\"https:\/\/brixi.ca\/en\/find-the-working-space-you-need-today-within-budget\/\",\"name\":\"Brixi\\u2019s Leasing Opportunities - Les Entreprises Brixi\",\"isPartOf\":{\"@id\":\"https:\/\/brixi.ca\/fr\/#website\"},\"datePublished\":\"2015-08-03T15:34:56+00:00\",\"dateModified\":\"2021-03-23T18:38:56+00:00\",\"breadcrumb\":{\"@id\":\"https:\/\/brixi.ca\/en\/find-the-working-space-you-need-today-within-budget\/#breadcrumb\"},\"inLanguage\":\"en-US\",\"potentialAction\":[{\"@type\":\"ReadAction\",\"target\":[\"https:\/\/brixi.ca\/en\/find-the-working-space-you-need-today-within-budget\/\"]}]},{\"@type\":\"BreadcrumbList\",\"@id\":\"https:\/\/brixi.ca\/en\/find-the-working-space-you-need-today-within-budget\/#breadcrumb\",\"itemListElement\":[{\"@type\":\"ListItem\",\"position\":1,\"name\":\"Home\",\"item\":\"https:\/\/brixi.ca\/en\/\"},{\"@type\":\"ListItem\",\"position\":2,\"name\":\"Brixi\\u2019s Leasing Opportunities\"}]}]}<\/script>\n<!-- \/ Yoast SEO plugin. -->","yoast_head_json":{"robots":{"index":"index","follow":"follow","max-snippet":"max-snippet:-1","max-image-preview":"max-image-preview:large","max-video-preview":"max-video-preview:-1"},"canonical":"https:\/\/brixi.ca\/en\/find-the-working-space-you-need-today-within-budget\/","og_locale":"en_US","og_type":"article","og_title":"Brixi\u2019s Leasing Opportunities - Les Entreprises Brixi","og_description":"Find the working space you need today within budget! Our real-estate portfolio consists of several hundred thousand square feet in rental surfaces strategically located mainly on Montreal\u2019s South Shore along with some of Quebec\u2019s most influential economic poles. It features various office, commercial and industrial spaces for rent. Wait no further! Consult our leasing section [&hellip;]","og_url":"https:\/\/brixi.ca\/en\/find-the-working-space-you-need-today-within-budget\/","og_site_name":"Les Entreprises Brixi","article_modified_time":"2021-03-23T18:38:56+00:00","twitter_card":"summary_large_image","twitter_misc":{"Est. reading time":"1 minute"},"schema":{"@context":"https:\/\/schema.org","@graph":[{"@type":"WebSite","@id":"https:\/\/brixi.ca\/fr\/#website","url":"https:\/\/brixi.ca\/fr\/","name":"Les Entreprises Brixi","description":"Entreprise familiale sp\u00e9cialis\u00e9e dans la location de surfaces \u00e0 bureaux sur la Rive-Sud de Montr\u00e9al","potentialAction":[{"@type":"SearchAction","target":{"@type":"EntryPoint","urlTemplate":"https:\/\/brixi.ca\/fr\/?s={search_term_string}"},"query-input":"required name=search_term_string"}],"inLanguage":"en-US"},{"@type":"WebPage","@id":"https:\/\/brixi.ca\/en\/find-the-working-space-you-need-today-within-budget\/#webpage","url":"https:\/\/brixi.ca\/en\/find-the-working-space-you-need-today-within-budget\/","name":"Brixi\u2019s Leasing Opportunities - Les Entreprises Brixi","isPartOf":{"@id":"https:\/\/brixi.ca\/fr\/#website"},"datePublished":"2015-08-03T15:34:56+00:00","dateModified":"2021-03-23T18:38:56+00:00","breadcrumb":{"@id":"https:\/\/brixi.ca\/en\/find-the-working-space-you-need-today-within-budget\/#breadcrumb"},"inLanguage":"en-US","potentialAction":[{"@type":"ReadAction","target":["https:\/\/brixi.ca\/en\/find-the-working-space-you-need-today-within-budget\/"]}]},{"@type":"BreadcrumbList","@id":"https:\/\/brixi.ca\/en\/find-the-working-space-you-need-today-within-budget\/#breadcrumb","itemListElement":[{"@type":"ListItem","position":1,"name":"Home","item":"https:\/\/brixi.ca\/en\/"},{"@type":"ListItem","position":2,"name":"Brixi\u2019s Leasing Opportunities"}]}]}},"_links":{"self":[{"href":"https:\/\/brixi.ca\/en\/wp-json\/wp\/v2\/pages\/1136\/"}],"collection":[{"href":"https:\/\/brixi.ca\/en\/wp-json\/wp\/v2\/pages\/"}],"about":[{"href":"https:\/\/brixi.ca\/en\/wp-json\/wp\/v2\/types\/page\/"}],"author":[{"embeddable":true,"href":"https:\/\/brixi.ca\/en\/wp-json\/wp\/v2\/users\/1\/"}],"replies":[{"embeddable":true,"href":"https:\/\/brixi.ca\/en\/wp-json\/wp\/v2\/comments\/?post=1136"}],"version-history":[{"count":15,"href":"https:\/\/brixi.ca\/en\/wp-json\/wp\/v2\/pages\/1136\/revisions\/"}],"predecessor-version":[{"id":3695,"href":"https:\/\/brixi.ca\/en\/wp-json\/wp\/v2\/pages\/1136\/revisions\/3695\/"}],"wp:attachment":[{"href":"https:\/\/brixi.ca\/en\/wp-json\/wp\/v2\/media\/?parent=1136"}],"curies":[{"name":"wp","href":"https:\/\/api.w.org\/{rel}","templated":true}]}}