{"id":1138,"date":"2015-08-03T11:35:54","date_gmt":"2015-08-03T15:35:54","guid":{"rendered":"https:\/\/brixi.ca\/?page_id=1138"},"modified":"2019-12-02T11:38:42","modified_gmt":"2019-12-02T16:38:42","slug":"our-properties","status":"publish","type":"page","link":"https:\/\/brixi.ca\/en\/our-properties\/","title":{"rendered":"Our Properties"},"content":{"rendered":"<p>Find your custom leasing solution <strong>now<\/strong>!<\/p>\n<p>Ensuring an active presence in the greater Montreal area by owning several hundred thousand square feet in rental surfaces, Les Entreprises Brixi Inc. offer efficient, well managed and well maintained office, commercial and industrial spaces that will exceed your business needs.<\/p>\n<p>Contact us <strong>today<\/strong>! It will be our pleasure to help you find the best leasing solution suited for your business.<\/p>\n","protected":false},"excerpt":{"rendered":"<p>Find your custom leasing solution now! Ensuring an active presence in the greater Montreal area by owning several hundred thousand square feet in rental surfaces, Les Entreprises Brixi Inc. offer efficient, well managed and well maintained office, commercial and industrial spaces that will exceed your business needs. Contact us today! It will be our pleasure [&hellip;]<\/p>\n","protected":false},"author":1,"featured_media":0,"parent":0,"menu_order":0,"comment_status":"open","ping_status":"open","template":"template-building-list.php","meta":[],"yoast_head":"<!-- This site is optimized with the Yoast SEO plugin v17.3 - https:\/\/yoast.com\/wordpress\/plugins\/seo\/ -->\n<meta name=\"robots\" content=\"index, follow, max-snippet:-1, max-image-preview:large, max-video-preview:-1\" \/>\n<link rel=\"canonical\" href=\"https:\/\/brixi.ca\/en\/our-properties\/\" \/>\n<meta property=\"og:locale\" content=\"en_US\" \/>\n<meta property=\"og:type\" content=\"article\" \/>\n<meta property=\"og:title\" content=\"Our Properties - Les Entreprises Brixi\" \/>\n<meta property=\"og:description\" content=\"Find your custom leasing solution now! Ensuring an active presence in the greater Montreal area by owning several hundred thousand square feet in rental surfaces, Les Entreprises Brixi Inc. offer efficient, well managed and well maintained office, commercial and industrial spaces that will exceed your business needs. Contact us today! It will be our pleasure [&hellip;]\" \/>\n<meta property=\"og:url\" content=\"https:\/\/brixi.ca\/en\/our-properties\/\" \/>\n<meta property=\"og:site_name\" content=\"Les Entreprises Brixi\" \/>\n<meta property=\"article:modified_time\" content=\"2019-12-02T16:38:42+00:00\" \/>\n<meta name=\"twitter:card\" content=\"summary_large_image\" \/>\n<script type=\"application\/ld+json\" class=\"yoast-schema-graph\">{\"@context\":\"https:\/\/schema.org\",\"@graph\":[{\"@type\":\"WebSite\",\"@id\":\"https:\/\/brixi.ca\/fr\/#website\",\"url\":\"https:\/\/brixi.ca\/fr\/\",\"name\":\"Les Entreprises Brixi\",\"description\":\"Entreprise familiale sp\\u00e9cialis\\u00e9e dans la location de surfaces \\u00e0 bureaux sur la Rive-Sud de Montr\\u00e9al\",\"potentialAction\":[{\"@type\":\"SearchAction\",\"target\":{\"@type\":\"EntryPoint\",\"urlTemplate\":\"https:\/\/brixi.ca\/fr\/?s={search_term_string}\"},\"query-input\":\"required name=search_term_string\"}],\"inLanguage\":\"en-US\"},{\"@type\":\"WebPage\",\"@id\":\"https:\/\/brixi.ca\/en\/our-properties\/#webpage\",\"url\":\"https:\/\/brixi.ca\/en\/our-properties\/\",\"name\":\"Our Properties - Les Entreprises Brixi\",\"isPartOf\":{\"@id\":\"https:\/\/brixi.ca\/fr\/#website\"},\"datePublished\":\"2015-08-03T15:35:54+00:00\",\"dateModified\":\"2019-12-02T16:38:42+00:00\",\"breadcrumb\":{\"@id\":\"https:\/\/brixi.ca\/en\/our-properties\/#breadcrumb\"},\"inLanguage\":\"en-US\",\"potentialAction\":[{\"@type\":\"ReadAction\",\"target\":[\"https:\/\/brixi.ca\/en\/our-properties\/\"]}]},{\"@type\":\"BreadcrumbList\",\"@id\":\"https:\/\/brixi.ca\/en\/our-properties\/#breadcrumb\",\"itemListElement\":[{\"@type\":\"ListItem\",\"position\":1,\"name\":\"Home\",\"item\":\"https:\/\/brixi.ca\/en\/\"},{\"@type\":\"ListItem\",\"position\":2,\"name\":\"Our Properties\"}]}]}<\/script>\n<!-- \/ Yoast SEO plugin. -->","yoast_head_json":{"robots":{"index":"index","follow":"follow","max-snippet":"max-snippet:-1","max-image-preview":"max-image-preview:large","max-video-preview":"max-video-preview:-1"},"canonical":"https:\/\/brixi.ca\/en\/our-properties\/","og_locale":"en_US","og_type":"article","og_title":"Our Properties - Les Entreprises Brixi","og_description":"Find your custom leasing solution now! Ensuring an active presence in the greater Montreal area by owning several hundred thousand square feet in rental surfaces, Les Entreprises Brixi Inc. offer efficient, well managed and well maintained office, commercial and industrial spaces that will exceed your business needs. Contact us today! It will be our pleasure [&hellip;]","og_url":"https:\/\/brixi.ca\/en\/our-properties\/","og_site_name":"Les Entreprises Brixi","article_modified_time":"2019-12-02T16:38:42+00:00","twitter_card":"summary_large_image","schema":{"@context":"https:\/\/schema.org","@graph":[{"@type":"WebSite","@id":"https:\/\/brixi.ca\/fr\/#website","url":"https:\/\/brixi.ca\/fr\/","name":"Les Entreprises Brixi","description":"Entreprise familiale sp\u00e9cialis\u00e9e dans la location de surfaces \u00e0 bureaux sur la Rive-Sud de Montr\u00e9al","potentialAction":[{"@type":"SearchAction","target":{"@type":"EntryPoint","urlTemplate":"https:\/\/brixi.ca\/fr\/?s={search_term_string}"},"query-input":"required name=search_term_string"}],"inLanguage":"en-US"},{"@type":"WebPage","@id":"https:\/\/brixi.ca\/en\/our-properties\/#webpage","url":"https:\/\/brixi.ca\/en\/our-properties\/","name":"Our Properties - Les Entreprises Brixi","isPartOf":{"@id":"https:\/\/brixi.ca\/fr\/#website"},"datePublished":"2015-08-03T15:35:54+00:00","dateModified":"2019-12-02T16:38:42+00:00","breadcrumb":{"@id":"https:\/\/brixi.ca\/en\/our-properties\/#breadcrumb"},"inLanguage":"en-US","potentialAction":[{"@type":"ReadAction","target":["https:\/\/brixi.ca\/en\/our-properties\/"]}]},{"@type":"BreadcrumbList","@id":"https:\/\/brixi.ca\/en\/our-properties\/#breadcrumb","itemListElement":[{"@type":"ListItem","position":1,"name":"Home","item":"https:\/\/brixi.ca\/en\/"},{"@type":"ListItem","position":2,"name":"Our Properties"}]}]}},"_links":{"self":[{"href":"https:\/\/brixi.ca\/en\/wp-json\/wp\/v2\/pages\/1138\/"}],"collection":[{"href":"https:\/\/brixi.ca\/en\/wp-json\/wp\/v2\/pages\/"}],"about":[{"href":"https:\/\/brixi.ca\/en\/wp-json\/wp\/v2\/types\/page\/"}],"author":[{"embeddable":true,"href":"https:\/\/brixi.ca\/en\/wp-json\/wp\/v2\/users\/1\/"}],"replies":[{"embeddable":true,"href":"https:\/\/brixi.ca\/en\/wp-json\/wp\/v2\/comments\/?post=1138"}],"version-history":[{"count":14,"href":"https:\/\/brixi.ca\/en\/wp-json\/wp\/v2\/pages\/1138\/revisions\/"}],"predecessor-version":[{"id":3046,"href":"https:\/\/brixi.ca\/en\/wp-json\/wp\/v2\/pages\/1138\/revisions\/3046\/"}],"wp:attachment":[{"href":"https:\/\/brixi.ca\/en\/wp-json\/wp\/v2\/media\/?parent=1138"}],"curies":[{"name":"wp","href":"https:\/\/api.w.org\/{rel}","templated":true}]}}