{"id":1145,"date":"2015-08-12T11:39:30","date_gmt":"2015-08-12T15:39:30","guid":{"rendered":"https:\/\/brixi.ca\/?page_id=1145"},"modified":"2015-09-16T18:53:27","modified_gmt":"2015-09-16T22:53:27","slug":"contact-us","status":"publish","type":"page","link":"https:\/\/brixi.ca\/en\/contact-us\/","title":{"rendered":"Contact us"},"content":{"rendered":"<script type=\"text\/javascript\">if(!gform){document.addEventListener(\"gform_main_scripts_loaded\",function(){gform.scriptsLoaded=!0}),window.addEventListener(\"DOMContentLoaded\",function(){gform.domLoaded=!0});var gform={domLoaded:!1,scriptsLoaded:!1,initializeOnLoaded:function(o){gform.domLoaded&&gform.scriptsLoaded?o():!gform.domLoaded&&gform.scriptsLoaded?window.addEventListener(\"DOMContentLoaded\",o):document.addEventListener(\"gform_main_scripts_loaded\",o)},hooks:{action:{},filter:{}},addAction:function(o,n,r,t){gform.addHook(\"action\",o,n,r,t)},addFilter:function(o,n,r,t){gform.addHook(\"filter\",o,n,r,t)},doAction:function(o){gform.doHook(\"action\",o,arguments)},applyFilters:function(o){return gform.doHook(\"filter\",o,arguments)},removeAction:function(o,n){gform.removeHook(\"action\",o,n)},removeFilter:function(o,n,r){gform.removeHook(\"filter\",o,n,r)},addHook:function(o,n,r,t,i){null==gform.hooks[o][n]&&(gform.hooks[o][n]=[]);var e=gform.hooks[o][n];null==i&&(i=n+\"_\"+e.length),null==t&&(t=10),gform.hooks[o][n].push({tag:i,callable:r,priority:t})},doHook:function(o,n,r){if(r=Array.prototype.slice.call(r,1),null!=gform.hooks[o][n]){var t,i=gform.hooks[o][n];i.sort(function(o,n){return o.priority-n.priority});for(var e=0;e<i.length;e++)\"function\"!=typeof(t=i[e].callable)&&(t=window[t]),\"action\"==o?t.apply(null,r):r[0]=t.apply(null,r)}if(\"filter\"==o)return r[0]},removeHook:function(o,n,r,t){if(null!=gform.hooks[o][n])for(var i=gform.hooks[o][n],e=i.length-1;0<=e;e--)null!=t&&t!=i[e].tag||null!=r&&r!=i[e].priority||i.splice(e,1)}}}<\/script>\n                <div class='gf_browser_gecko gform_wrapper gform_legacy_markup_wrapper' id='gform_wrapper_3' ><div id='gf_3' class='gform_anchor' tabindex='-1'><\/div>\n                        <div class='gform_heading'>\n                            <h3 class=\"gform_title\">Write us<\/h3>\n                            <span class='gform_description'>For more information, please contact us by filling the form below.<\/span>\n                        <\/div><form method='post' enctype='multipart\/form-data'  id='gform_3'  action='\/en\/wp-json\/wp\/v2\/pages\/1145#gf_3' >\n                        <div class='gform_body gform-body'><ul id='gform_fields_3' class='gform_fields top_label form_sublabel_below description_below'><li id=\"field_3_1\" class=\"gfield gf_left_half gfield_contains_required field_sublabel_below field_description_below gfield_visibility_visible\" ><label class='gfield_label' for='input_3_1' >Full name<span class=\"gfield_required\"><span class=\"gfield_required gfield_required_asterisk\">*<\/span><\/span><\/label><div class='ginput_container ginput_container_text'><input name='input_1' id='input_3_1' type='text' value='' class='medium'    placeholder='Full name *' aria-required=\"true\" aria-invalid=\"false\"   \/> <\/div><\/li><li id=\"field_3_3\" class=\"gfield gf_right_half field_sublabel_below field_description_below gfield_visibility_visible\" ><label class='gfield_label' for='input_3_3' >Business<\/label><div class='ginput_container ginput_container_text'><input name='input_3' id='input_3_3' type='text' value='' class='medium'    placeholder='Business'  aria-invalid=\"false\"   \/> <\/div><\/li><li id=\"field_3_2\" class=\"gfield gf_left_half gfield_contains_required field_sublabel_below field_description_below gfield_visibility_visible\" ><label class='gfield_label' for='input_3_2' >Email<span class=\"gfield_required\"><span class=\"gfield_required gfield_required_asterisk\">*<\/span><\/span><\/label><div class='ginput_container ginput_container_email'>\n                            <input name='input_2' id='input_3_2' type='text' value='' class='medium'   placeholder='Email *' aria-required=\"true\" aria-invalid=\"false\"  \/>\n                        <\/div><\/li><li id=\"field_3_8\" class=\"gfield gf_right_half gfield_contains_required field_sublabel_below field_description_below gfield_visibility_visible\" ><label class='gfield_label' for='input_3_8' >Phone<span class=\"gfield_required\"><span class=\"gfield_required gfield_required_asterisk\">*<\/span><\/span><\/label><div class='ginput_container ginput_container_text'><input name='input_8' id='input_3_8' type='text' value='' class='medium'    placeholder='Phone *' aria-required=\"true\" aria-invalid=\"false\"   \/> <\/div><\/li><li id=\"field_3_5\" class=\"gfield field_sublabel_below field_description_below gfield_visibility_visible\" ><label class='gfield_label' for='input_3_5' >Message<\/label><div class='ginput_container ginput_container_textarea'><textarea name='input_5' id='input_3_5' class='textarea medium'    placeholder='Message'  aria-invalid=\"false\"   rows='10' cols='50'><\/textarea><\/div><\/li><li id=\"field_3_6\" class=\"gfield gform_hidden field_sublabel_below field_description_below gfield_visibility_visible\" ><div class='ginput_container ginput_container_text'><input name='input_6' id='input_3_6' type='hidden' class='gform_hidden'  aria-invalid=\"false\" value='0' \/><\/div><\/li><li id=\"field_3_7\" class=\"gfield field_sublabel_below field_description_below gfield_visibility_visible\" ><label class='gfield_label' for='input_3_7' >Untitled<\/label><div class='ginput_container ginput_container_text'><input name='input_7' id='input_3_7' type='text' value='' class='medium'      aria-invalid=\"false\"   \/> <\/div><\/li><\/ul><\/div>\n        <div class='gform_footer top_label'> <input type='submit' id='gform_submit_button_3' class='gform_button button' value='Send'  onclick='if(window[\"gf_submitting_3\"]){return false;}  window[\"gf_submitting_3\"]=true;  ' onkeypress='if( event.keyCode == 13 ){ if(window[\"gf_submitting_3\"]){return false;} window[\"gf_submitting_3\"]=true;  jQuery(\"#gform_3\").trigger(\"submit\",[true]); }' \/> \n            <input type='hidden' class='gform_hidden' name='is_submit_3' value='1' \/>\n            <input type='hidden' class='gform_hidden' name='gform_submit' value='3' \/>\n            \n            <input type='hidden' class='gform_hidden' name='gform_unique_id' value='' \/>\n            <input type='hidden' class='gform_hidden' name='state_3' value='WyJbXSIsIjYzZjNiN2U3MTUxMzQzZWIyZWFlOGNmZjdhN2E3NTI0Il0=' \/>\n            <input type='hidden' class='gform_hidden' name='gform_target_page_number_3' id='gform_target_page_number_3' value='0' \/>\n            <input type='hidden' class='gform_hidden' name='gform_source_page_number_3' id='gform_source_page_number_3' value='1' \/>\n            <input type='hidden' name='gform_field_values' value='' \/>\n            \n        <\/div>\n                        <\/form>\n                        <\/div>\n","protected":false},"excerpt":{"rendered":"","protected":false},"author":1,"featured_media":0,"parent":0,"menu_order":0,"comment_status":"open","ping_status":"open","template":"template-contact.php","meta":[],"yoast_head":"<!-- This site is optimized with the Yoast SEO plugin v17.3 - https:\/\/yoast.com\/wordpress\/plugins\/seo\/ -->\n<meta name=\"robots\" content=\"index, follow, max-snippet:-1, max-image-preview:large, max-video-preview:-1\" \/>\n<link rel=\"canonical\" href=\"https:\/\/brixi.ca\/en\/contact-us\/\" \/>\n<meta property=\"og:locale\" content=\"en_US\" \/>\n<meta property=\"og:type\" content=\"article\" \/>\n<meta property=\"og:title\" content=\"Contact us - Les Entreprises Brixi\" \/>\n<meta property=\"og:url\" content=\"https:\/\/brixi.ca\/en\/contact-us\/\" \/>\n<meta property=\"og:site_name\" content=\"Les Entreprises Brixi\" \/>\n<meta property=\"article:modified_time\" content=\"2015-09-16T22:53:27+00:00\" \/>\n<meta name=\"twitter:card\" content=\"summary_large_image\" \/>\n<script type=\"application\/ld+json\" class=\"yoast-schema-graph\">{\"@context\":\"https:\/\/schema.org\",\"@graph\":[{\"@type\":\"WebSite\",\"@id\":\"https:\/\/brixi.ca\/fr\/#website\",\"url\":\"https:\/\/brixi.ca\/fr\/\",\"name\":\"Les Entreprises Brixi\",\"description\":\"Entreprise familiale sp\\u00e9cialis\\u00e9e dans la location de surfaces \\u00e0 bureaux sur la Rive-Sud de Montr\\u00e9al\",\"potentialAction\":[{\"@type\":\"SearchAction\",\"target\":{\"@type\":\"EntryPoint\",\"urlTemplate\":\"https:\/\/brixi.ca\/fr\/?s={search_term_string}\"},\"query-input\":\"required name=search_term_string\"}],\"inLanguage\":\"en-US\"},{\"@type\":\"WebPage\",\"@id\":\"https:\/\/brixi.ca\/en\/contact-us\/#webpage\",\"url\":\"https:\/\/brixi.ca\/en\/contact-us\/\",\"name\":\"Contact us - Les Entreprises Brixi\",\"isPartOf\":{\"@id\":\"https:\/\/brixi.ca\/fr\/#website\"},\"datePublished\":\"2015-08-12T15:39:30+00:00\",\"dateModified\":\"2015-09-16T22:53:27+00:00\",\"breadcrumb\":{\"@id\":\"https:\/\/brixi.ca\/en\/contact-us\/#breadcrumb\"},\"inLanguage\":\"en-US\",\"potentialAction\":[{\"@type\":\"ReadAction\",\"target\":[\"https:\/\/brixi.ca\/en\/contact-us\/\"]}]},{\"@type\":\"BreadcrumbList\",\"@id\":\"https:\/\/brixi.ca\/en\/contact-us\/#breadcrumb\",\"itemListElement\":[{\"@type\":\"ListItem\",\"position\":1,\"name\":\"Home\",\"item\":\"https:\/\/brixi.ca\/en\/\"},{\"@type\":\"ListItem\",\"position\":2,\"name\":\"Contact us\"}]}]}<\/script>\n<!-- \/ Yoast SEO plugin. -->","yoast_head_json":{"robots":{"index":"index","follow":"follow","max-snippet":"max-snippet:-1","max-image-preview":"max-image-preview:large","max-video-preview":"max-video-preview:-1"},"canonical":"https:\/\/brixi.ca\/en\/contact-us\/","og_locale":"en_US","og_type":"article","og_title":"Contact us - Les Entreprises Brixi","og_url":"https:\/\/brixi.ca\/en\/contact-us\/","og_site_name":"Les Entreprises Brixi","article_modified_time":"2015-09-16T22:53:27+00:00","twitter_card":"summary_large_image","schema":{"@context":"https:\/\/schema.org","@graph":[{"@type":"WebSite","@id":"https:\/\/brixi.ca\/fr\/#website","url":"https:\/\/brixi.ca\/fr\/","name":"Les Entreprises Brixi","description":"Entreprise familiale sp\u00e9cialis\u00e9e dans la location de surfaces \u00e0 bureaux sur la Rive-Sud de Montr\u00e9al","potentialAction":[{"@type":"SearchAction","target":{"@type":"EntryPoint","urlTemplate":"https:\/\/brixi.ca\/fr\/?s={search_term_string}"},"query-input":"required name=search_term_string"}],"inLanguage":"en-US"},{"@type":"WebPage","@id":"https:\/\/brixi.ca\/en\/contact-us\/#webpage","url":"https:\/\/brixi.ca\/en\/contact-us\/","name":"Contact us - Les Entreprises Brixi","isPartOf":{"@id":"https:\/\/brixi.ca\/fr\/#website"},"datePublished":"2015-08-12T15:39:30+00:00","dateModified":"2015-09-16T22:53:27+00:00","breadcrumb":{"@id":"https:\/\/brixi.ca\/en\/contact-us\/#breadcrumb"},"inLanguage":"en-US","potentialAction":[{"@type":"ReadAction","target":["https:\/\/brixi.ca\/en\/contact-us\/"]}]},{"@type":"BreadcrumbList","@id":"https:\/\/brixi.ca\/en\/contact-us\/#breadcrumb","itemListElement":[{"@type":"ListItem","position":1,"name":"Home","item":"https:\/\/brixi.ca\/en\/"},{"@type":"ListItem","position":2,"name":"Contact us"}]}]}},"_links":{"self":[{"href":"https:\/\/brixi.ca\/en\/wp-json\/wp\/v2\/pages\/1145\/"}],"collection":[{"href":"https:\/\/brixi.ca\/en\/wp-json\/wp\/v2\/pages\/"}],"about":[{"href":"https:\/\/brixi.ca\/en\/wp-json\/wp\/v2\/types\/page\/"}],"author":[{"embeddable":true,"href":"https:\/\/brixi.ca\/en\/wp-json\/wp\/v2\/users\/1\/"}],"replies":[{"embeddable":true,"href":"https:\/\/brixi.ca\/en\/wp-json\/wp\/v2\/comments\/?post=1145"}],"version-history":[{"count":6,"href":"https:\/\/brixi.ca\/en\/wp-json\/wp\/v2\/pages\/1145\/revisions\/"}],"predecessor-version":[{"id":1358,"href":"https:\/\/brixi.ca\/en\/wp-json\/wp\/v2\/pages\/1145\/revisions\/1358\/"}],"wp:attachment":[{"href":"https:\/\/brixi.ca\/en\/wp-json\/wp\/v2\/media\/?parent=1145"}],"curies":[{"name":"wp","href":"https:\/\/api.w.org\/{rel}","templated":true}]}}