{"id":1160,"date":"2015-08-12T17:15:42","date_gmt":"2015-08-12T21:15:42","guid":{"rendered":"http:\/\/brixi\/?page_id=1160"},"modified":"2015-09-21T10:48:40","modified_gmt":"2015-09-21T14:48:40","slug":"legal-notice","status":"publish","type":"page","link":"https:\/\/brixi.ca\/en\/legal-notice\/","title":{"rendered":"Legal notice"},"content":{"rendered":"<p>By using our site you agree to the conditions described below, which are subject to change without notice. Furthermore, you agree to review these Terms of Use periodically and agree that your continued access to the site implies acceptance of the changes that have or will be conducted.<\/p>\n<p>We pledge to respect the confidentiality of personal information we collect.<\/p>\n<p><strong>Information Collection Forms<\/strong><\/p>\n<ul>\n<li>We collect your data when you contact us.<\/li>\n<li>We collect your name and email address if you contact us via the website.<\/li>\n<\/ul>\n<p><strong>Use of this information<\/strong><\/p>\n<ul>\n<li>We use your data to ensure better customer service and better understand your needs<\/li>\n<li>We reserve the right to respond directly to the questions you sent through a contact form<\/li>\n<li>We use your information to send you updated information about new products or services<\/li>\n<li>We also use your information for internal research projects<\/li>\n<\/ul>\n<p><strong>External links<\/strong><\/p>\n<ul>\n<li>The website may contain links to other sites whose information practices may differ from ours.<\/li>\n<li>We are not responsible for the information collection practices of other websites. As we have no control over information collected by these third parties, visitors should consult the use and terms of information relating to the privacy policy of each external site.<\/li>\n<\/ul>\n<p><strong>Privacy Options<\/strong><\/p>\n<p>If you prefer not to receive our newsletters, please click on the link &#8220;unsubscribe&#8221; which will appear in the next email we send you.<\/p>\n<p><strong>How to Contact Us<\/strong><\/p>\n<p>For questions or comments about our privacy policy, please contact us by using the Contact Form or by sending a letter to the following address:<\/p>\n<p><a href=\"https:\/\/goo.gl\/b6TcP6\" target=\"_blank\">2 Boul Desaulniers Suite 102<\/a><br \/>\n<a href=\"https:\/\/goo.gl\/b6TcP6\">Saint-Lambert, Qu\u00e9bec J4P 1L3<\/a><\/p>\n","protected":false},"excerpt":{"rendered":"<p>By using our site you agree to the conditions described below, which are subject to change without notice. Furthermore, you agree to review these Terms of Use periodically and agree that your continued access to the site implies acceptance of the changes that have or will be conducted. We pledge to respect the confidentiality of [&hellip;]<\/p>\n","protected":false},"author":1,"featured_media":0,"parent":0,"menu_order":0,"comment_status":"open","ping_status":"open","template":"","meta":[],"yoast_head":"<!-- This site is optimized with the Yoast SEO plugin v17.3 - https:\/\/yoast.com\/wordpress\/plugins\/seo\/ -->\n<meta name=\"robots\" content=\"index, follow, max-snippet:-1, max-image-preview:large, max-video-preview:-1\" \/>\n<link rel=\"canonical\" href=\"https:\/\/brixi.ca\/en\/legal-notice\/\" \/>\n<meta property=\"og:locale\" content=\"en_US\" \/>\n<meta property=\"og:type\" content=\"article\" \/>\n<meta property=\"og:title\" content=\"Legal notice - Les Entreprises Brixi\" \/>\n<meta property=\"og:description\" content=\"By using our site you agree to the conditions described below, which are subject to change without notice. Furthermore, you agree to review these Terms of Use periodically and agree that your continued access to the site implies acceptance of the changes that have or will be conducted. We pledge to respect the confidentiality of [&hellip;]\" \/>\n<meta property=\"og:url\" content=\"https:\/\/brixi.ca\/en\/legal-notice\/\" \/>\n<meta property=\"og:site_name\" content=\"Les Entreprises Brixi\" \/>\n<meta property=\"article:modified_time\" content=\"2015-09-21T14:48:40+00:00\" \/>\n<meta name=\"twitter:card\" content=\"summary_large_image\" \/>\n<meta name=\"twitter:label1\" content=\"Est. reading time\" \/>\n\t<meta name=\"twitter:data1\" content=\"1 minute\" \/>\n<script type=\"application\/ld+json\" class=\"yoast-schema-graph\">{\"@context\":\"https:\/\/schema.org\",\"@graph\":[{\"@type\":\"WebSite\",\"@id\":\"https:\/\/brixi.ca\/fr\/#website\",\"url\":\"https:\/\/brixi.ca\/fr\/\",\"name\":\"Les Entreprises Brixi\",\"description\":\"Entreprise familiale sp\\u00e9cialis\\u00e9e dans la location de surfaces \\u00e0 bureaux sur la Rive-Sud de Montr\\u00e9al\",\"potentialAction\":[{\"@type\":\"SearchAction\",\"target\":{\"@type\":\"EntryPoint\",\"urlTemplate\":\"https:\/\/brixi.ca\/fr\/?s={search_term_string}\"},\"query-input\":\"required name=search_term_string\"}],\"inLanguage\":\"en-US\"},{\"@type\":\"WebPage\",\"@id\":\"https:\/\/brixi.ca\/en\/legal-notice\/#webpage\",\"url\":\"https:\/\/brixi.ca\/en\/legal-notice\/\",\"name\":\"Legal notice - Les Entreprises Brixi\",\"isPartOf\":{\"@id\":\"https:\/\/brixi.ca\/fr\/#website\"},\"datePublished\":\"2015-08-12T21:15:42+00:00\",\"dateModified\":\"2015-09-21T14:48:40+00:00\",\"breadcrumb\":{\"@id\":\"https:\/\/brixi.ca\/en\/legal-notice\/#breadcrumb\"},\"inLanguage\":\"en-US\",\"potentialAction\":[{\"@type\":\"ReadAction\",\"target\":[\"https:\/\/brixi.ca\/en\/legal-notice\/\"]}]},{\"@type\":\"BreadcrumbList\",\"@id\":\"https:\/\/brixi.ca\/en\/legal-notice\/#breadcrumb\",\"itemListElement\":[{\"@type\":\"ListItem\",\"position\":1,\"name\":\"Home\",\"item\":\"https:\/\/brixi.ca\/en\/\"},{\"@type\":\"ListItem\",\"position\":2,\"name\":\"Legal notice\"}]}]}<\/script>\n<!-- \/ Yoast SEO plugin. -->","yoast_head_json":{"robots":{"index":"index","follow":"follow","max-snippet":"max-snippet:-1","max-image-preview":"max-image-preview:large","max-video-preview":"max-video-preview:-1"},"canonical":"https:\/\/brixi.ca\/en\/legal-notice\/","og_locale":"en_US","og_type":"article","og_title":"Legal notice - Les Entreprises Brixi","og_description":"By using our site you agree to the conditions described below, which are subject to change without notice. Furthermore, you agree to review these Terms of Use periodically and agree that your continued access to the site implies acceptance of the changes that have or will be conducted. We pledge to respect the confidentiality of [&hellip;]","og_url":"https:\/\/brixi.ca\/en\/legal-notice\/","og_site_name":"Les Entreprises Brixi","article_modified_time":"2015-09-21T14:48:40+00:00","twitter_card":"summary_large_image","twitter_misc":{"Est. reading time":"1 minute"},"schema":{"@context":"https:\/\/schema.org","@graph":[{"@type":"WebSite","@id":"https:\/\/brixi.ca\/fr\/#website","url":"https:\/\/brixi.ca\/fr\/","name":"Les Entreprises Brixi","description":"Entreprise familiale sp\u00e9cialis\u00e9e dans la location de surfaces \u00e0 bureaux sur la Rive-Sud de Montr\u00e9al","potentialAction":[{"@type":"SearchAction","target":{"@type":"EntryPoint","urlTemplate":"https:\/\/brixi.ca\/fr\/?s={search_term_string}"},"query-input":"required name=search_term_string"}],"inLanguage":"en-US"},{"@type":"WebPage","@id":"https:\/\/brixi.ca\/en\/legal-notice\/#webpage","url":"https:\/\/brixi.ca\/en\/legal-notice\/","name":"Legal notice - Les Entreprises Brixi","isPartOf":{"@id":"https:\/\/brixi.ca\/fr\/#website"},"datePublished":"2015-08-12T21:15:42+00:00","dateModified":"2015-09-21T14:48:40+00:00","breadcrumb":{"@id":"https:\/\/brixi.ca\/en\/legal-notice\/#breadcrumb"},"inLanguage":"en-US","potentialAction":[{"@type":"ReadAction","target":["https:\/\/brixi.ca\/en\/legal-notice\/"]}]},{"@type":"BreadcrumbList","@id":"https:\/\/brixi.ca\/en\/legal-notice\/#breadcrumb","itemListElement":[{"@type":"ListItem","position":1,"name":"Home","item":"https:\/\/brixi.ca\/en\/"},{"@type":"ListItem","position":2,"name":"Legal notice"}]}]}},"_links":{"self":[{"href":"https:\/\/brixi.ca\/en\/wp-json\/wp\/v2\/pages\/1160\/"}],"collection":[{"href":"https:\/\/brixi.ca\/en\/wp-json\/wp\/v2\/pages\/"}],"about":[{"href":"https:\/\/brixi.ca\/en\/wp-json\/wp\/v2\/types\/page\/"}],"author":[{"embeddable":true,"href":"https:\/\/brixi.ca\/en\/wp-json\/wp\/v2\/users\/1\/"}],"replies":[{"embeddable":true,"href":"https:\/\/brixi.ca\/en\/wp-json\/wp\/v2\/comments\/?post=1160"}],"version-history":[{"count":6,"href":"https:\/\/brixi.ca\/en\/wp-json\/wp\/v2\/pages\/1160\/revisions\/"}],"predecessor-version":[{"id":1369,"href":"https:\/\/brixi.ca\/en\/wp-json\/wp\/v2\/pages\/1160\/revisions\/1369\/"}],"wp:attachment":[{"href":"https:\/\/brixi.ca\/en\/wp-json\/wp\/v2\/media\/?parent=1160"}],"curies":[{"name":"wp","href":"https:\/\/api.w.org\/{rel}","templated":true}]}}