{"id":1232,"date":"2015-05-04T16:22:53","date_gmt":"2015-05-04T20:22:53","guid":{"rendered":"https:\/\/brixi.ca\/ambiances-corporatives-2\/"},"modified":"2015-11-13T09:34:22","modified_gmt":"2015-11-13T14:34:22","slug":"choosing-your-companys-location-is-a-key-factor-in-its-success","status":"publish","type":"page","link":"https:\/\/brixi.ca\/en\/choosing-your-companys-location-is-a-key-factor-in-its-success\/","title":{"rendered":"Brixi\u2019s Corporate Ambiance"},"content":{"rendered":"<p>Choosing your company&#8217;s location is a key factor in its success<\/p>\n<p>Les Entreprises Brixi Inc. will ease and guide you through your entire leasing process so therefore you can concentrate on what you enjoy best : growing your business! Our real estate management and space rental expertise makes us a valued partner for anyone in search of the best working space to be within budget!<\/p>\n<p>Discover some of our corporate ambiences including the communities which they belong. As the saying goes : \u00ab An image is worth one thousand words \u00bb!<\/p>\n<p>Take a look, a visit is an absolute must!<\/p>\n","protected":false},"excerpt":{"rendered":"<p>Choosing your company&#8217;s location is a key factor in its success Les Entreprises Brixi Inc. will ease and guide you through your entire leasing process so therefore you can concentrate on what you enjoy best : growing your business! Our real estate management and space rental expertise makes us a valued partner for anyone in [&hellip;]<\/p>\n","protected":false},"author":1,"featured_media":0,"parent":0,"menu_order":0,"comment_status":"open","ping_status":"open","template":"template-ambiance.php","meta":[],"yoast_head":"<!-- This site is optimized with the Yoast SEO plugin v17.3 - https:\/\/yoast.com\/wordpress\/plugins\/seo\/ -->\n<meta name=\"description\" content=\"D\u00e9couvrez certains de nos espaces locatifs ainsi que les milieux de vie qui les habitent! Environnement agr\u00e9ables, sains et s\u00e9curitaires.\" \/>\n<meta name=\"robots\" content=\"index, follow, max-snippet:-1, max-image-preview:large, max-video-preview:-1\" \/>\n<link rel=\"canonical\" href=\"https:\/\/brixi.ca\/en\/choosing-your-companys-location-is-a-key-factor-in-its-success\/\" \/>\n<meta property=\"og:locale\" content=\"en_US\" \/>\n<meta property=\"og:type\" content=\"article\" \/>\n<meta property=\"og:title\" content=\"Brixi\u2019s Corporate Ambiance - Les Entreprises Brixi\" \/>\n<meta property=\"og:description\" content=\"D\u00e9couvrez certains de nos espaces locatifs ainsi que les milieux de vie qui les habitent! Environnement agr\u00e9ables, sains et s\u00e9curitaires.\" \/>\n<meta property=\"og:url\" content=\"https:\/\/brixi.ca\/en\/choosing-your-companys-location-is-a-key-factor-in-its-success\/\" \/>\n<meta property=\"og:site_name\" content=\"Les Entreprises Brixi\" \/>\n<meta property=\"article:modified_time\" content=\"2015-11-13T14:34:22+00:00\" \/>\n<meta name=\"twitter:card\" content=\"summary_large_image\" \/>\n<script type=\"application\/ld+json\" class=\"yoast-schema-graph\">{\"@context\":\"https:\/\/schema.org\",\"@graph\":[{\"@type\":\"WebSite\",\"@id\":\"https:\/\/brixi.ca\/fr\/#website\",\"url\":\"https:\/\/brixi.ca\/fr\/\",\"name\":\"Les Entreprises Brixi\",\"description\":\"Entreprise familiale sp\\u00e9cialis\\u00e9e dans la location de surfaces \\u00e0 bureaux sur la Rive-Sud de Montr\\u00e9al\",\"potentialAction\":[{\"@type\":\"SearchAction\",\"target\":{\"@type\":\"EntryPoint\",\"urlTemplate\":\"https:\/\/brixi.ca\/fr\/?s={search_term_string}\"},\"query-input\":\"required name=search_term_string\"}],\"inLanguage\":\"en-US\"},{\"@type\":\"WebPage\",\"@id\":\"https:\/\/brixi.ca\/en\/choosing-your-companys-location-is-a-key-factor-in-its-success\/#webpage\",\"url\":\"https:\/\/brixi.ca\/en\/choosing-your-companys-location-is-a-key-factor-in-its-success\/\",\"name\":\"Brixi\\u2019s Corporate Ambiance - Les Entreprises Brixi\",\"isPartOf\":{\"@id\":\"https:\/\/brixi.ca\/fr\/#website\"},\"datePublished\":\"2015-05-04T20:22:53+00:00\",\"dateModified\":\"2015-11-13T14:34:22+00:00\",\"description\":\"D\\u00e9couvrez certains de nos espaces locatifs ainsi que les milieux de vie qui les habitent! Environnement agr\\u00e9ables, sains et s\\u00e9curitaires.\",\"breadcrumb\":{\"@id\":\"https:\/\/brixi.ca\/en\/choosing-your-companys-location-is-a-key-factor-in-its-success\/#breadcrumb\"},\"inLanguage\":\"en-US\",\"potentialAction\":[{\"@type\":\"ReadAction\",\"target\":[\"https:\/\/brixi.ca\/en\/choosing-your-companys-location-is-a-key-factor-in-its-success\/\"]}]},{\"@type\":\"BreadcrumbList\",\"@id\":\"https:\/\/brixi.ca\/en\/choosing-your-companys-location-is-a-key-factor-in-its-success\/#breadcrumb\",\"itemListElement\":[{\"@type\":\"ListItem\",\"position\":1,\"name\":\"Home\",\"item\":\"https:\/\/brixi.ca\/en\/\"},{\"@type\":\"ListItem\",\"position\":2,\"name\":\"Brixi\\u2019s Corporate Ambiance\"}]}]}<\/script>\n<!-- \/ Yoast SEO plugin. -->","yoast_head_json":{"description":"D\u00e9couvrez certains de nos espaces locatifs ainsi que les milieux de vie qui les habitent! Environnement agr\u00e9ables, sains et s\u00e9curitaires.","robots":{"index":"index","follow":"follow","max-snippet":"max-snippet:-1","max-image-preview":"max-image-preview:large","max-video-preview":"max-video-preview:-1"},"canonical":"https:\/\/brixi.ca\/en\/choosing-your-companys-location-is-a-key-factor-in-its-success\/","og_locale":"en_US","og_type":"article","og_title":"Brixi\u2019s Corporate Ambiance - Les Entreprises Brixi","og_description":"D\u00e9couvrez certains de nos espaces locatifs ainsi que les milieux de vie qui les habitent! Environnement agr\u00e9ables, sains et s\u00e9curitaires.","og_url":"https:\/\/brixi.ca\/en\/choosing-your-companys-location-is-a-key-factor-in-its-success\/","og_site_name":"Les Entreprises Brixi","article_modified_time":"2015-11-13T14:34:22+00:00","twitter_card":"summary_large_image","schema":{"@context":"https:\/\/schema.org","@graph":[{"@type":"WebSite","@id":"https:\/\/brixi.ca\/fr\/#website","url":"https:\/\/brixi.ca\/fr\/","name":"Les Entreprises Brixi","description":"Entreprise familiale sp\u00e9cialis\u00e9e dans la location de surfaces \u00e0 bureaux sur la Rive-Sud de Montr\u00e9al","potentialAction":[{"@type":"SearchAction","target":{"@type":"EntryPoint","urlTemplate":"https:\/\/brixi.ca\/fr\/?s={search_term_string}"},"query-input":"required name=search_term_string"}],"inLanguage":"en-US"},{"@type":"WebPage","@id":"https:\/\/brixi.ca\/en\/choosing-your-companys-location-is-a-key-factor-in-its-success\/#webpage","url":"https:\/\/brixi.ca\/en\/choosing-your-companys-location-is-a-key-factor-in-its-success\/","name":"Brixi\u2019s Corporate Ambiance - Les Entreprises Brixi","isPartOf":{"@id":"https:\/\/brixi.ca\/fr\/#website"},"datePublished":"2015-05-04T20:22:53+00:00","dateModified":"2015-11-13T14:34:22+00:00","description":"D\u00e9couvrez certains de nos espaces locatifs ainsi que les milieux de vie qui les habitent! Environnement agr\u00e9ables, sains et s\u00e9curitaires.","breadcrumb":{"@id":"https:\/\/brixi.ca\/en\/choosing-your-companys-location-is-a-key-factor-in-its-success\/#breadcrumb"},"inLanguage":"en-US","potentialAction":[{"@type":"ReadAction","target":["https:\/\/brixi.ca\/en\/choosing-your-companys-location-is-a-key-factor-in-its-success\/"]}]},{"@type":"BreadcrumbList","@id":"https:\/\/brixi.ca\/en\/choosing-your-companys-location-is-a-key-factor-in-its-success\/#breadcrumb","itemListElement":[{"@type":"ListItem","position":1,"name":"Home","item":"https:\/\/brixi.ca\/en\/"},{"@type":"ListItem","position":2,"name":"Brixi\u2019s Corporate Ambiance"}]}]}},"_links":{"self":[{"href":"https:\/\/brixi.ca\/en\/wp-json\/wp\/v2\/pages\/1232\/"}],"collection":[{"href":"https:\/\/brixi.ca\/en\/wp-json\/wp\/v2\/pages\/"}],"about":[{"href":"https:\/\/brixi.ca\/en\/wp-json\/wp\/v2\/types\/page\/"}],"author":[{"embeddable":true,"href":"https:\/\/brixi.ca\/en\/wp-json\/wp\/v2\/users\/1\/"}],"replies":[{"embeddable":true,"href":"https:\/\/brixi.ca\/en\/wp-json\/wp\/v2\/comments\/?post=1232"}],"version-history":[{"count":18,"href":"https:\/\/brixi.ca\/en\/wp-json\/wp\/v2\/pages\/1232\/revisions\/"}],"predecessor-version":[{"id":1479,"href":"https:\/\/brixi.ca\/en\/wp-json\/wp\/v2\/pages\/1232\/revisions\/1479\/"}],"wp:attachment":[{"href":"https:\/\/brixi.ca\/en\/wp-json\/wp\/v2\/media\/?parent=1232"}],"curies":[{"name":"wp","href":"https:\/\/api.w.org\/{rel}","templated":true}]}}