{"id":1563,"date":"2016-04-27T13:16:40","date_gmt":"2016-04-27T17:16:40","guid":{"rendered":"https:\/\/brixi.ca\/a-real-estate-family-owned-venture\/nos-services\/"},"modified":"2016-04-28T10:31:01","modified_gmt":"2016-04-28T14:31:01","slug":"our-services","status":"publish","type":"page","link":"https:\/\/brixi.ca\/en\/a-real-estate-family-owned-venture\/our-services\/","title":{"rendered":"Our Services"},"content":{"rendered":"<p>Whether you are at your first commercial leasing experience or whether you are\u00a0presently reconsidering your business\u2019 location, we will find you the very best suited\u00a0solution for your current needs. As tenant, here is a brief overview of the services offered\u00a0to you by our devoted management team:<\/p>\n","protected":false},"excerpt":{"rendered":"<p>Whether you are at your first commercial leasing experience or whether you are\u00a0presently reconsidering your business\u2019 location, we will find you the very best suited\u00a0solution for your current needs. As tenant, here is a brief overview of the services offered\u00a0to you by our devoted management team:<\/p>\n","protected":false},"author":1,"featured_media":0,"parent":1098,"menu_order":0,"comment_status":"closed","ping_status":"closed","template":"template-services.php","meta":[],"yoast_head":"<!-- This site is optimized with the Yoast SEO plugin v17.3 - https:\/\/yoast.com\/wordpress\/plugins\/seo\/ -->\n<meta name=\"robots\" content=\"index, follow, max-snippet:-1, max-image-preview:large, max-video-preview:-1\" \/>\n<link rel=\"canonical\" href=\"https:\/\/brixi.ca\/en\/a-real-estate-family-owned-venture\/our-services\/\" \/>\n<meta property=\"og:locale\" content=\"en_US\" \/>\n<meta property=\"og:type\" content=\"article\" \/>\n<meta property=\"og:title\" content=\"Our Services - Les Entreprises Brixi\" \/>\n<meta property=\"og:description\" content=\"Whether you are at your first commercial leasing experience or whether you are\u00a0presently reconsidering your business\u2019 location, we will find you the very best suited\u00a0solution for your current needs. As tenant, here is a brief overview of the services offered\u00a0to you by our devoted management team:\" \/>\n<meta property=\"og:url\" content=\"https:\/\/brixi.ca\/en\/a-real-estate-family-owned-venture\/our-services\/\" \/>\n<meta property=\"og:site_name\" content=\"Les Entreprises Brixi\" \/>\n<meta property=\"article:modified_time\" content=\"2016-04-28T14:31:01+00:00\" \/>\n<meta name=\"twitter:card\" content=\"summary_large_image\" \/>\n<script type=\"application\/ld+json\" class=\"yoast-schema-graph\">{\"@context\":\"https:\/\/schema.org\",\"@graph\":[{\"@type\":\"WebSite\",\"@id\":\"https:\/\/brixi.ca\/fr\/#website\",\"url\":\"https:\/\/brixi.ca\/fr\/\",\"name\":\"Les Entreprises Brixi\",\"description\":\"Entreprise familiale sp\\u00e9cialis\\u00e9e dans la location de surfaces \\u00e0 bureaux sur la Rive-Sud de Montr\\u00e9al\",\"potentialAction\":[{\"@type\":\"SearchAction\",\"target\":{\"@type\":\"EntryPoint\",\"urlTemplate\":\"https:\/\/brixi.ca\/fr\/?s={search_term_string}\"},\"query-input\":\"required name=search_term_string\"}],\"inLanguage\":\"en-US\"},{\"@type\":\"WebPage\",\"@id\":\"https:\/\/brixi.ca\/en\/a-real-estate-family-owned-venture\/our-services\/#webpage\",\"url\":\"https:\/\/brixi.ca\/en\/a-real-estate-family-owned-venture\/our-services\/\",\"name\":\"Our Services - Les Entreprises Brixi\",\"isPartOf\":{\"@id\":\"https:\/\/brixi.ca\/fr\/#website\"},\"datePublished\":\"2016-04-27T17:16:40+00:00\",\"dateModified\":\"2016-04-28T14:31:01+00:00\",\"breadcrumb\":{\"@id\":\"https:\/\/brixi.ca\/en\/a-real-estate-family-owned-venture\/our-services\/#breadcrumb\"},\"inLanguage\":\"en-US\",\"potentialAction\":[{\"@type\":\"ReadAction\",\"target\":[\"https:\/\/brixi.ca\/en\/a-real-estate-family-owned-venture\/our-services\/\"]}]},{\"@type\":\"BreadcrumbList\",\"@id\":\"https:\/\/brixi.ca\/en\/a-real-estate-family-owned-venture\/our-services\/#breadcrumb\",\"itemListElement\":[{\"@type\":\"ListItem\",\"position\":1,\"name\":\"Home\",\"item\":\"https:\/\/brixi.ca\/en\/\"},{\"@type\":\"ListItem\",\"position\":2,\"name\":\"BRIXI ADVANTAGES\",\"item\":\"https:\/\/brixi.ca\/en\/a-real-estate-family-owned-venture\/\"},{\"@type\":\"ListItem\",\"position\":3,\"name\":\"Our Services\"}]}]}<\/script>\n<!-- \/ Yoast SEO plugin. -->","yoast_head_json":{"robots":{"index":"index","follow":"follow","max-snippet":"max-snippet:-1","max-image-preview":"max-image-preview:large","max-video-preview":"max-video-preview:-1"},"canonical":"https:\/\/brixi.ca\/en\/a-real-estate-family-owned-venture\/our-services\/","og_locale":"en_US","og_type":"article","og_title":"Our Services - Les Entreprises Brixi","og_description":"Whether you are at your first commercial leasing experience or whether you are\u00a0presently reconsidering your business\u2019 location, we will find you the very best suited\u00a0solution for your current needs. As tenant, here is a brief overview of the services offered\u00a0to you by our devoted management team:","og_url":"https:\/\/brixi.ca\/en\/a-real-estate-family-owned-venture\/our-services\/","og_site_name":"Les Entreprises Brixi","article_modified_time":"2016-04-28T14:31:01+00:00","twitter_card":"summary_large_image","schema":{"@context":"https:\/\/schema.org","@graph":[{"@type":"WebSite","@id":"https:\/\/brixi.ca\/fr\/#website","url":"https:\/\/brixi.ca\/fr\/","name":"Les Entreprises Brixi","description":"Entreprise familiale sp\u00e9cialis\u00e9e dans la location de surfaces \u00e0 bureaux sur la Rive-Sud de Montr\u00e9al","potentialAction":[{"@type":"SearchAction","target":{"@type":"EntryPoint","urlTemplate":"https:\/\/brixi.ca\/fr\/?s={search_term_string}"},"query-input":"required name=search_term_string"}],"inLanguage":"en-US"},{"@type":"WebPage","@id":"https:\/\/brixi.ca\/en\/a-real-estate-family-owned-venture\/our-services\/#webpage","url":"https:\/\/brixi.ca\/en\/a-real-estate-family-owned-venture\/our-services\/","name":"Our Services - Les Entreprises Brixi","isPartOf":{"@id":"https:\/\/brixi.ca\/fr\/#website"},"datePublished":"2016-04-27T17:16:40+00:00","dateModified":"2016-04-28T14:31:01+00:00","breadcrumb":{"@id":"https:\/\/brixi.ca\/en\/a-real-estate-family-owned-venture\/our-services\/#breadcrumb"},"inLanguage":"en-US","potentialAction":[{"@type":"ReadAction","target":["https:\/\/brixi.ca\/en\/a-real-estate-family-owned-venture\/our-services\/"]}]},{"@type":"BreadcrumbList","@id":"https:\/\/brixi.ca\/en\/a-real-estate-family-owned-venture\/our-services\/#breadcrumb","itemListElement":[{"@type":"ListItem","position":1,"name":"Home","item":"https:\/\/brixi.ca\/en\/"},{"@type":"ListItem","position":2,"name":"BRIXI ADVANTAGES","item":"https:\/\/brixi.ca\/en\/a-real-estate-family-owned-venture\/"},{"@type":"ListItem","position":3,"name":"Our Services"}]}]}},"_links":{"self":[{"href":"https:\/\/brixi.ca\/en\/wp-json\/wp\/v2\/pages\/1563\/"}],"collection":[{"href":"https:\/\/brixi.ca\/en\/wp-json\/wp\/v2\/pages\/"}],"about":[{"href":"https:\/\/brixi.ca\/en\/wp-json\/wp\/v2\/types\/page\/"}],"author":[{"embeddable":true,"href":"https:\/\/brixi.ca\/en\/wp-json\/wp\/v2\/users\/1\/"}],"replies":[{"embeddable":true,"href":"https:\/\/brixi.ca\/en\/wp-json\/wp\/v2\/comments\/?post=1563"}],"version-history":[{"count":3,"href":"https:\/\/brixi.ca\/en\/wp-json\/wp\/v2\/pages\/1563\/revisions\/"}],"predecessor-version":[{"id":1591,"href":"https:\/\/brixi.ca\/en\/wp-json\/wp\/v2\/pages\/1563\/revisions\/1591\/"}],"up":[{"embeddable":true,"href":"https:\/\/brixi.ca\/en\/wp-json\/wp\/v2\/pages\/1098\/"}],"wp:attachment":[{"href":"https:\/\/brixi.ca\/en\/wp-json\/wp\/v2\/media\/?parent=1563"}],"curies":[{"name":"wp","href":"https:\/\/api.w.org\/{rel}","templated":true}]}}