{"id":1585,"date":"2016-04-27T13:30:13","date_gmt":"2016-04-27T17:30:13","guid":{"rendered":"https:\/\/brixi.ca\/a-real-estate-family-owned-venture\/notre-entreprise\/"},"modified":"2025-09-30T12:03:31","modified_gmt":"2025-09-30T16:03:31","slug":"our-business","status":"publish","type":"page","link":"https:\/\/brixi.ca\/en\/a-real-estate-family-owned-venture\/our-business\/","title":{"rendered":"Our business"},"content":{"rendered":"<p>For nearly half a century, Les Entreprises Brixi Inc. have earned an excellent reputation\u00a0in acquiring, managing and operating commercial real estate buildings for office,\u00a0commercial and industrial leasing purposes.\u00a0Now ran by its second generation of dynamic owners and managers, the company\u00a0continues to broaden its expertise with the help of a state of the art team and hand-picked\u00a0partners and suppliers.<\/p>\n<p>Driven by its mission to provide its customers the highest quality service, a meticulous management and a client-focused approach, Les Entreprises Brixi Inc. has become a reference for anyone in search of an accessible custom leasing solution primarly on the South shore of Montreal and in the Eastern-Townships.<\/p>\n<p>Having the privilege of being the owners and managers of our buildings, we promote our accessibility to all tenants which results, on a daily basis, in immediate and personalized contact. This strenght sets us apart from our competitors. You are unique and you should be treated as such!<\/p>\n<p>This accessibility between landlords and tenants allows us to go beyond your\u00a0expectations and to ensure you a timely response along with the most reliable service by\u00a0far.<\/p>\n<p>Our rigorous standards and result-oriented management allow us to maintain not only a high retention rate of our tenants but also to build a strong, reliable relationship one client at a time.<\/p>\n<p>What inspires us to move forward after all those years in Business? To go to even greater\u00a0lengths to provide outstanding quality service while building a strong, trusting, long term\u00a0win-win partnership with our tenant.<\/p>\n<p>Our mission? Set you free from any leasing concern allowing you to focus your energy\u00a0on what really matters to you : growing your business!<\/p>\n<p>We welcome you!<\/p>\n<p>Les Entreprises Brixi<\/p>\n","protected":false},"excerpt":{"rendered":"<p>For nearly half a century, Les Entreprises Brixi Inc. have earned an excellent reputation\u00a0in acquiring, managing and operating commercial real estate buildings for office,\u00a0commercial and industrial leasing purposes.\u00a0Now ran by its second generation of dynamic owners and managers, the company\u00a0continues to broaden its expertise with the help of a state of the art team and [&hellip;]<\/p>\n","protected":false},"author":1,"featured_media":0,"parent":1098,"menu_order":0,"comment_status":"closed","ping_status":"closed","template":"template-about.php","meta":[],"yoast_head":"<!-- This site is optimized with the Yoast SEO plugin v17.3 - https:\/\/yoast.com\/wordpress\/plugins\/seo\/ -->\n<meta name=\"robots\" content=\"index, follow, max-snippet:-1, max-image-preview:large, max-video-preview:-1\" \/>\n<link rel=\"canonical\" href=\"https:\/\/brixi.ca\/en\/a-real-estate-family-owned-venture\/our-business\/\" \/>\n<meta property=\"og:locale\" content=\"en_US\" \/>\n<meta property=\"og:type\" content=\"article\" \/>\n<meta property=\"og:title\" content=\"Our business - Les Entreprises Brixi\" \/>\n<meta property=\"og:description\" content=\"For nearly half a century, Les Entreprises Brixi Inc. have earned an excellent reputation\u00a0in acquiring, managing and operating commercial real estate buildings for office,\u00a0commercial and industrial leasing purposes.\u00a0Now ran by its second generation of dynamic owners and managers, the company\u00a0continues to broaden its expertise with the help of a state of the art team and [&hellip;]\" \/>\n<meta property=\"og:url\" content=\"https:\/\/brixi.ca\/en\/a-real-estate-family-owned-venture\/our-business\/\" \/>\n<meta property=\"og:site_name\" content=\"Les Entreprises Brixi\" \/>\n<meta property=\"article:modified_time\" content=\"2025-09-30T16:03:31+00:00\" \/>\n<meta name=\"twitter:card\" content=\"summary_large_image\" \/>\n<meta name=\"twitter:label1\" content=\"Est. reading time\" \/>\n\t<meta name=\"twitter:data1\" content=\"1 minute\" \/>\n<script type=\"application\/ld+json\" class=\"yoast-schema-graph\">{\"@context\":\"https:\/\/schema.org\",\"@graph\":[{\"@type\":\"WebSite\",\"@id\":\"https:\/\/brixi.ca\/fr\/#website\",\"url\":\"https:\/\/brixi.ca\/fr\/\",\"name\":\"Les Entreprises Brixi\",\"description\":\"Entreprise familiale sp\\u00e9cialis\\u00e9e dans la location de surfaces \\u00e0 bureaux sur la Rive-Sud de Montr\\u00e9al\",\"potentialAction\":[{\"@type\":\"SearchAction\",\"target\":{\"@type\":\"EntryPoint\",\"urlTemplate\":\"https:\/\/brixi.ca\/fr\/?s={search_term_string}\"},\"query-input\":\"required name=search_term_string\"}],\"inLanguage\":\"en-US\"},{\"@type\":\"WebPage\",\"@id\":\"https:\/\/brixi.ca\/en\/a-real-estate-family-owned-venture\/our-business\/#webpage\",\"url\":\"https:\/\/brixi.ca\/en\/a-real-estate-family-owned-venture\/our-business\/\",\"name\":\"Our business - Les Entreprises Brixi\",\"isPartOf\":{\"@id\":\"https:\/\/brixi.ca\/fr\/#website\"},\"datePublished\":\"2016-04-27T17:30:13+00:00\",\"dateModified\":\"2025-09-30T16:03:31+00:00\",\"breadcrumb\":{\"@id\":\"https:\/\/brixi.ca\/en\/a-real-estate-family-owned-venture\/our-business\/#breadcrumb\"},\"inLanguage\":\"en-US\",\"potentialAction\":[{\"@type\":\"ReadAction\",\"target\":[\"https:\/\/brixi.ca\/en\/a-real-estate-family-owned-venture\/our-business\/\"]}]},{\"@type\":\"BreadcrumbList\",\"@id\":\"https:\/\/brixi.ca\/en\/a-real-estate-family-owned-venture\/our-business\/#breadcrumb\",\"itemListElement\":[{\"@type\":\"ListItem\",\"position\":1,\"name\":\"Home\",\"item\":\"https:\/\/brixi.ca\/en\/\"},{\"@type\":\"ListItem\",\"position\":2,\"name\":\"BRIXI ADVANTAGES\",\"item\":\"https:\/\/brixi.ca\/en\/a-real-estate-family-owned-venture\/\"},{\"@type\":\"ListItem\",\"position\":3,\"name\":\"Our business\"}]}]}<\/script>\n<!-- \/ Yoast SEO plugin. -->","yoast_head_json":{"robots":{"index":"index","follow":"follow","max-snippet":"max-snippet:-1","max-image-preview":"max-image-preview:large","max-video-preview":"max-video-preview:-1"},"canonical":"https:\/\/brixi.ca\/en\/a-real-estate-family-owned-venture\/our-business\/","og_locale":"en_US","og_type":"article","og_title":"Our business - Les Entreprises Brixi","og_description":"For nearly half a century, Les Entreprises Brixi Inc. have earned an excellent reputation\u00a0in acquiring, managing and operating commercial real estate buildings for office,\u00a0commercial and industrial leasing purposes.\u00a0Now ran by its second generation of dynamic owners and managers, the company\u00a0continues to broaden its expertise with the help of a state of the art team and [&hellip;]","og_url":"https:\/\/brixi.ca\/en\/a-real-estate-family-owned-venture\/our-business\/","og_site_name":"Les Entreprises Brixi","article_modified_time":"2025-09-30T16:03:31+00:00","twitter_card":"summary_large_image","twitter_misc":{"Est. reading time":"1 minute"},"schema":{"@context":"https:\/\/schema.org","@graph":[{"@type":"WebSite","@id":"https:\/\/brixi.ca\/fr\/#website","url":"https:\/\/brixi.ca\/fr\/","name":"Les Entreprises Brixi","description":"Entreprise familiale sp\u00e9cialis\u00e9e dans la location de surfaces \u00e0 bureaux sur la Rive-Sud de Montr\u00e9al","potentialAction":[{"@type":"SearchAction","target":{"@type":"EntryPoint","urlTemplate":"https:\/\/brixi.ca\/fr\/?s={search_term_string}"},"query-input":"required name=search_term_string"}],"inLanguage":"en-US"},{"@type":"WebPage","@id":"https:\/\/brixi.ca\/en\/a-real-estate-family-owned-venture\/our-business\/#webpage","url":"https:\/\/brixi.ca\/en\/a-real-estate-family-owned-venture\/our-business\/","name":"Our business - Les Entreprises Brixi","isPartOf":{"@id":"https:\/\/brixi.ca\/fr\/#website"},"datePublished":"2016-04-27T17:30:13+00:00","dateModified":"2025-09-30T16:03:31+00:00","breadcrumb":{"@id":"https:\/\/brixi.ca\/en\/a-real-estate-family-owned-venture\/our-business\/#breadcrumb"},"inLanguage":"en-US","potentialAction":[{"@type":"ReadAction","target":["https:\/\/brixi.ca\/en\/a-real-estate-family-owned-venture\/our-business\/"]}]},{"@type":"BreadcrumbList","@id":"https:\/\/brixi.ca\/en\/a-real-estate-family-owned-venture\/our-business\/#breadcrumb","itemListElement":[{"@type":"ListItem","position":1,"name":"Home","item":"https:\/\/brixi.ca\/en\/"},{"@type":"ListItem","position":2,"name":"BRIXI ADVANTAGES","item":"https:\/\/brixi.ca\/en\/a-real-estate-family-owned-venture\/"},{"@type":"ListItem","position":3,"name":"Our business"}]}]}},"_links":{"self":[{"href":"https:\/\/brixi.ca\/en\/wp-json\/wp\/v2\/pages\/1585\/"}],"collection":[{"href":"https:\/\/brixi.ca\/en\/wp-json\/wp\/v2\/pages\/"}],"about":[{"href":"https:\/\/brixi.ca\/en\/wp-json\/wp\/v2\/types\/page\/"}],"author":[{"embeddable":true,"href":"https:\/\/brixi.ca\/en\/wp-json\/wp\/v2\/users\/1\/"}],"replies":[{"embeddable":true,"href":"https:\/\/brixi.ca\/en\/wp-json\/wp\/v2\/comments\/?post=1585"}],"version-history":[{"count":4,"href":"https:\/\/brixi.ca\/en\/wp-json\/wp\/v2\/pages\/1585\/revisions\/"}],"predecessor-version":[{"id":4628,"href":"https:\/\/brixi.ca\/en\/wp-json\/wp\/v2\/pages\/1585\/revisions\/4628\/"}],"up":[{"embeddable":true,"href":"https:\/\/brixi.ca\/en\/wp-json\/wp\/v2\/pages\/1098\/"}],"wp:attachment":[{"href":"https:\/\/brixi.ca\/en\/wp-json\/wp\/v2\/media\/?parent=1585"}],"curies":[{"name":"wp","href":"https:\/\/api.w.org\/{rel}","templated":true}]}}