{"id":1556,"date":"2016-04-27T13:16:40","date_gmt":"2016-04-27T17:16:40","guid":{"rendered":"https:\/\/brixi.ca\/?page_id=1556"},"modified":"2016-04-28T10:24:16","modified_gmt":"2016-04-28T14:24:16","slug":"nos-services","status":"publish","type":"page","link":"https:\/\/brixi.ca\/fr\/avantages\/nos-services\/","title":{"rendered":"Nos services"},"content":{"rendered":"<p>Qu\u2019il s\u2019agisse d\u2019une premi\u00e8re exp\u00e9rience en location commerciale ou que vous soyez\u00a0pr\u00e9sentement \u00e0 consid\u00e9rer un changement d\u2019emplacement pour votre entreprise, nous sommes proactifs \u00e0 trouver avec vous la solution locative la mieux adapt\u00e9e \u00e0 votre r\u00e9alit\u00e9\u00a0pr\u00e9sente.\u00a0En tant que locataire, voici un bref aper\u00e7u des services qui vous sont offerts par\u00a0notre \u00e9quipe de gestion d\u00e9vou\u00e9e :<\/p>\n","protected":false},"excerpt":{"rendered":"<p>Qu\u2019il s\u2019agisse d\u2019une premi\u00e8re exp\u00e9rience en location commerciale ou que vous soyez\u00a0pr\u00e9sentement \u00e0 consid\u00e9rer un changement d\u2019emplacement pour votre entreprise, nous sommes proactifs \u00e0 trouver avec vous la solution locative la mieux adapt\u00e9e \u00e0 votre r\u00e9alit\u00e9\u00a0pr\u00e9sente.\u00a0En tant que locataire, voici un bref aper\u00e7u des services qui vous sont offerts par\u00a0notre \u00e9quipe de gestion d\u00e9vou\u00e9e :<\/p>\n","protected":false},"author":1,"featured_media":0,"parent":28,"menu_order":0,"comment_status":"closed","ping_status":"closed","template":"template-services.php","meta":[],"yoast_head":"<!-- This site is optimized with the Yoast SEO plugin v17.3 - https:\/\/yoast.com\/wordpress\/plugins\/seo\/ -->\n<meta name=\"robots\" content=\"index, follow, max-snippet:-1, max-image-preview:large, max-video-preview:-1\" \/>\n<link rel=\"canonical\" href=\"https:\/\/brixi.ca\/fr\/avantages\/nos-services\/\" \/>\n<meta property=\"og:locale\" content=\"fr_FR\" \/>\n<meta property=\"og:type\" content=\"article\" \/>\n<meta property=\"og:title\" content=\"Nos services - Brixi\" \/>\n<meta property=\"og:description\" content=\"Qu\u2019il s\u2019agisse d\u2019une premi\u00e8re exp\u00e9rience en location commerciale ou que vous soyez\u00a0pr\u00e9sentement \u00e0 consid\u00e9rer un changement d\u2019emplacement pour votre entreprise, nous sommes proactifs \u00e0 trouver avec vous la solution locative la mieux adapt\u00e9e \u00e0 votre r\u00e9alit\u00e9\u00a0pr\u00e9sente.\u00a0En tant que locataire, voici un bref aper\u00e7u des services qui vous sont offerts par\u00a0notre \u00e9quipe de gestion d\u00e9vou\u00e9e :\" \/>\n<meta property=\"og:url\" content=\"https:\/\/brixi.ca\/fr\/avantages\/nos-services\/\" \/>\n<meta property=\"og:site_name\" content=\"Brixi\" \/>\n<meta property=\"article:modified_time\" content=\"2016-04-28T14:24:16+00:00\" \/>\n<meta name=\"twitter:card\" content=\"summary_large_image\" \/>\n<script type=\"application\/ld+json\" class=\"yoast-schema-graph\">{\"@context\":\"https:\/\/schema.org\",\"@graph\":[{\"@type\":\"WebSite\",\"@id\":\"https:\/\/brixi.ca\/fr\/#website\",\"url\":\"https:\/\/brixi.ca\/fr\/\",\"name\":\"Brixi\",\"description\":\"Just another WordPress site\",\"potentialAction\":[{\"@type\":\"SearchAction\",\"target\":{\"@type\":\"EntryPoint\",\"urlTemplate\":\"https:\/\/brixi.ca\/fr\/?s={search_term_string}\"},\"query-input\":\"required name=search_term_string\"}],\"inLanguage\":\"fr-FR\"},{\"@type\":\"WebPage\",\"@id\":\"https:\/\/brixi.ca\/fr\/avantages\/nos-services\/#webpage\",\"url\":\"https:\/\/brixi.ca\/fr\/avantages\/nos-services\/\",\"name\":\"Nos services - Brixi\",\"isPartOf\":{\"@id\":\"https:\/\/brixi.ca\/fr\/#website\"},\"datePublished\":\"2016-04-27T17:16:40+00:00\",\"dateModified\":\"2016-04-28T14:24:16+00:00\",\"breadcrumb\":{\"@id\":\"https:\/\/brixi.ca\/fr\/avantages\/nos-services\/#breadcrumb\"},\"inLanguage\":\"fr-FR\",\"potentialAction\":[{\"@type\":\"ReadAction\",\"target\":[\"https:\/\/brixi.ca\/fr\/avantages\/nos-services\/\"]}]},{\"@type\":\"BreadcrumbList\",\"@id\":\"https:\/\/brixi.ca\/fr\/avantages\/nos-services\/#breadcrumb\",\"itemListElement\":[{\"@type\":\"ListItem\",\"position\":1,\"name\":\"Home\",\"item\":\"https:\/\/brixi.ca\/fr\/\"},{\"@type\":\"ListItem\",\"position\":2,\"name\":\"Avantages Brixi\",\"item\":\"https:\/\/brixi.ca\/fr\/avantages\/\"},{\"@type\":\"ListItem\",\"position\":3,\"name\":\"Nos services\"}]}]}<\/script>\n<!-- \/ Yoast SEO plugin. -->","yoast_head_json":{"robots":{"index":"index","follow":"follow","max-snippet":"max-snippet:-1","max-image-preview":"max-image-preview:large","max-video-preview":"max-video-preview:-1"},"canonical":"https:\/\/brixi.ca\/fr\/avantages\/nos-services\/","og_locale":"fr_FR","og_type":"article","og_title":"Nos services - Brixi","og_description":"Qu\u2019il s\u2019agisse d\u2019une premi\u00e8re exp\u00e9rience en location commerciale ou que vous soyez\u00a0pr\u00e9sentement \u00e0 consid\u00e9rer un changement d\u2019emplacement pour votre entreprise, nous sommes proactifs \u00e0 trouver avec vous la solution locative la mieux adapt\u00e9e \u00e0 votre r\u00e9alit\u00e9\u00a0pr\u00e9sente.\u00a0En tant que locataire, voici un bref aper\u00e7u des services qui vous sont offerts par\u00a0notre \u00e9quipe de gestion d\u00e9vou\u00e9e :","og_url":"https:\/\/brixi.ca\/fr\/avantages\/nos-services\/","og_site_name":"Brixi","article_modified_time":"2016-04-28T14:24:16+00:00","twitter_card":"summary_large_image","schema":{"@context":"https:\/\/schema.org","@graph":[{"@type":"WebSite","@id":"https:\/\/brixi.ca\/fr\/#website","url":"https:\/\/brixi.ca\/fr\/","name":"Brixi","description":"Just another WordPress site","potentialAction":[{"@type":"SearchAction","target":{"@type":"EntryPoint","urlTemplate":"https:\/\/brixi.ca\/fr\/?s={search_term_string}"},"query-input":"required name=search_term_string"}],"inLanguage":"fr-FR"},{"@type":"WebPage","@id":"https:\/\/brixi.ca\/fr\/avantages\/nos-services\/#webpage","url":"https:\/\/brixi.ca\/fr\/avantages\/nos-services\/","name":"Nos services - Brixi","isPartOf":{"@id":"https:\/\/brixi.ca\/fr\/#website"},"datePublished":"2016-04-27T17:16:40+00:00","dateModified":"2016-04-28T14:24:16+00:00","breadcrumb":{"@id":"https:\/\/brixi.ca\/fr\/avantages\/nos-services\/#breadcrumb"},"inLanguage":"fr-FR","potentialAction":[{"@type":"ReadAction","target":["https:\/\/brixi.ca\/fr\/avantages\/nos-services\/"]}]},{"@type":"BreadcrumbList","@id":"https:\/\/brixi.ca\/fr\/avantages\/nos-services\/#breadcrumb","itemListElement":[{"@type":"ListItem","position":1,"name":"Home","item":"https:\/\/brixi.ca\/fr\/"},{"@type":"ListItem","position":2,"name":"Avantages Brixi","item":"https:\/\/brixi.ca\/fr\/avantages\/"},{"@type":"ListItem","position":3,"name":"Nos services"}]}]}},"_links":{"self":[{"href":"https:\/\/brixi.ca\/fr\/wp-json\/wp\/v2\/pages\/1556\/"}],"collection":[{"href":"https:\/\/brixi.ca\/fr\/wp-json\/wp\/v2\/pages\/"}],"about":[{"href":"https:\/\/brixi.ca\/fr\/wp-json\/wp\/v2\/types\/page\/"}],"author":[{"embeddable":true,"href":"https:\/\/brixi.ca\/fr\/wp-json\/wp\/v2\/users\/1\/"}],"replies":[{"embeddable":true,"href":"https:\/\/brixi.ca\/fr\/wp-json\/wp\/v2\/comments\/?post=1556"}],"version-history":[{"count":8,"href":"https:\/\/brixi.ca\/fr\/wp-json\/wp\/v2\/pages\/1556\/revisions\/"}],"predecessor-version":[{"id":1597,"href":"https:\/\/brixi.ca\/fr\/wp-json\/wp\/v2\/pages\/1556\/revisions\/1597\/"}],"up":[{"embeddable":true,"href":"https:\/\/brixi.ca\/fr\/wp-json\/wp\/v2\/pages\/28\/"}],"wp:attachment":[{"href":"https:\/\/brixi.ca\/fr\/wp-json\/wp\/v2\/media\/?parent=1556"}],"curies":[{"name":"wp","href":"https:\/\/api.w.org\/{rel}","templated":true}]}}