{"id":1582,"date":"2016-04-27T13:30:13","date_gmt":"2016-04-27T17:30:13","guid":{"rendered":"https:\/\/brixi.ca\/?page_id=1582"},"modified":"2025-09-29T13:29:19","modified_gmt":"2025-09-29T17:29:19","slug":"notre-entreprise","status":"publish","type":"page","link":"https:\/\/brixi.ca\/fr\/avantages\/notre-entreprise\/","title":{"rendered":"Notre entreprise"},"content":{"rendered":"<p>Depuis pr\u00e8s d\u2019un demi-si\u00e8cle, Les Entreprises Brixi Inc. se sont b\u00e2ties une r\u00e9putation enviable dans l\u2019acquisition, la gestion et l\u2019exploitation d\u2019immeubles commerciaux \u00e0 vocation locative en espaces de bureaux, commerciaux et industriels.<\/p>\n<p>Pr\u00e9sentement, g\u00e9r\u00e9e par sa deuxi\u00e8me g\u00e9n\u00e9ration de propri\u00e9taires et gestionnaires dynamiques, l\u2019entreprise continue d\u2019\u00e9largir ses champs d\u2019expertise en s&rsquo;entourant d\u2019une \u00e9quipe chevronn\u00e9e, de partenaires et de fournisseurs tri\u00e9s sur le volet.<\/p>\n<p>Toujours engag\u00e9e envers sa vision fond\u00e9e sur l\u2019excellence de son service, \u00e0 sa minutie de gestion ainsi que son approche ax\u00e9e sur sa client\u00e8le, l\u2019entreprise devient rapidement une r\u00e9f\u00e9rence pour quiconque est \u00e0 la recherche d\u2019une solution locative adapt\u00e9e et accessible, principalement en Mont\u00e9r\u00e9gie et dans les Cantons-de-l\u2019Est.<\/p>\n<p>Ayant le privil\u00e8ge d\u2019\u00eatre propri\u00e9taires et gestionnaires de nos immeubles, nous priorisons l&rsquo;accessibilit\u00e9 de notre \u00e9quipe pour tous nos locataires ce qui se traduit au quotidien par un contact imm\u00e9diat et personnalis\u00e9. C\u2019est cette force de gestion qui nous distingue de la concurrence. Vous \u00eates unique et c\u2019est pour cette raison que votre exp\u00e9rience avec nous devrait l\u2019\u00eatre tout autant!<\/p>\n<p>Cette proximit\u00e9 entre propri\u00e9taires et locataires nous permet d\u2019aller au-del\u00e0 de vos attentes et de vous assurer une vitesse d\u2019ex\u00e9cution maximale ainsi qu\u2019un service des plus fiables.<\/p>\n<p>Nos normes rigoureuses en mati\u00e8re de gestion ainsi que notre approche ax\u00e9e sur les r\u00e9sultats nous permettent de maintenir \u00e0 la fois un taux \u00e9lev\u00e9 de r\u00e9tention de nos locataires, mais \u00e9galement de tisser avec eux des liens de confiance solides et durables un client \u00e0 la fois.<\/p>\n<p>Qu\u2019est-ce qui nous inspire \u00e0 repousser nos limites apr\u00e8s toutes ces ann\u00e9es en affaires? Mettre tout en \u0153uvre afin d\u2019offrir une qualit\u00e9 et un service exceptionnels tout en \u00e9tablissant une relation de confiance et d\u2019ouverture dans un partenariat gagnant-gagnant \u00e0 long terme avec nos clients.<\/p>\n<p>Notre mission? Vous laissez libre de toute pr\u00e9occupation afin de vous permettre de focaliser sur ce qui importe vraiment \u00e0 vos yeux: faire fructifier vos affaires!<\/p>\n<p>Bienvenue chez vous!<\/p>\n<p>Toute l&rsquo;\u00e9quipe des Entreprises Brixi<\/p>\n","protected":false},"excerpt":{"rendered":"<p>Depuis pr\u00e8s d\u2019un demi-si\u00e8cle, Les Entreprises Brixi Inc. se sont b\u00e2ties une r\u00e9putation enviable dans l\u2019acquisition, la gestion et l\u2019exploitation d\u2019immeubles commerciaux \u00e0 vocation locative en espaces de bureaux, commerciaux et industriels. Pr\u00e9sentement, g\u00e9r\u00e9e par sa deuxi\u00e8me g\u00e9n\u00e9ration de propri\u00e9taires et gestionnaires dynamiques, l\u2019entreprise continue d\u2019\u00e9largir ses champs d\u2019expertise en s&rsquo;entourant d\u2019une \u00e9quipe chevronn\u00e9e, de [&hellip;]<\/p>\n","protected":false},"author":1,"featured_media":0,"parent":28,"menu_order":0,"comment_status":"closed","ping_status":"closed","template":"template-about.php","meta":[],"yoast_head":"<!-- This site is optimized with the Yoast SEO plugin v17.3 - https:\/\/yoast.com\/wordpress\/plugins\/seo\/ -->\n<meta name=\"robots\" content=\"index, follow, max-snippet:-1, max-image-preview:large, max-video-preview:-1\" \/>\n<link rel=\"canonical\" href=\"https:\/\/brixi.ca\/fr\/avantages\/notre-entreprise\/\" \/>\n<meta property=\"og:locale\" content=\"fr_FR\" \/>\n<meta property=\"og:type\" content=\"article\" \/>\n<meta property=\"og:title\" content=\"Notre entreprise - Brixi\" \/>\n<meta property=\"og:description\" content=\"Depuis pr\u00e8s d\u2019un demi-si\u00e8cle, Les Entreprises Brixi Inc. se sont b\u00e2ties une r\u00e9putation enviable dans l\u2019acquisition, la gestion et l\u2019exploitation d\u2019immeubles commerciaux \u00e0 vocation locative en espaces de bureaux, commerciaux et industriels. Pr\u00e9sentement, g\u00e9r\u00e9e par sa deuxi\u00e8me g\u00e9n\u00e9ration de propri\u00e9taires et gestionnaires dynamiques, l\u2019entreprise continue d\u2019\u00e9largir ses champs d\u2019expertise en s&rsquo;entourant d\u2019une \u00e9quipe chevronn\u00e9e, de [&hellip;]\" \/>\n<meta property=\"og:url\" content=\"https:\/\/brixi.ca\/fr\/avantages\/notre-entreprise\/\" \/>\n<meta property=\"og:site_name\" content=\"Brixi\" \/>\n<meta property=\"article:modified_time\" content=\"2025-09-29T17:29:19+00:00\" \/>\n<meta name=\"twitter:card\" content=\"summary_large_image\" \/>\n<meta name=\"twitter:label1\" content=\"Dur\u00e9e de lecture estim\u00e9e\" \/>\n\t<meta name=\"twitter:data1\" content=\"2 minutes\" \/>\n<script type=\"application\/ld+json\" class=\"yoast-schema-graph\">{\"@context\":\"https:\/\/schema.org\",\"@graph\":[{\"@type\":\"WebSite\",\"@id\":\"https:\/\/brixi.ca\/fr\/#website\",\"url\":\"https:\/\/brixi.ca\/fr\/\",\"name\":\"Brixi\",\"description\":\"Just another WordPress site\",\"potentialAction\":[{\"@type\":\"SearchAction\",\"target\":{\"@type\":\"EntryPoint\",\"urlTemplate\":\"https:\/\/brixi.ca\/fr\/?s={search_term_string}\"},\"query-input\":\"required name=search_term_string\"}],\"inLanguage\":\"fr-FR\"},{\"@type\":\"WebPage\",\"@id\":\"https:\/\/brixi.ca\/fr\/avantages\/notre-entreprise\/#webpage\",\"url\":\"https:\/\/brixi.ca\/fr\/avantages\/notre-entreprise\/\",\"name\":\"Notre entreprise - Brixi\",\"isPartOf\":{\"@id\":\"https:\/\/brixi.ca\/fr\/#website\"},\"datePublished\":\"2016-04-27T17:30:13+00:00\",\"dateModified\":\"2025-09-29T17:29:19+00:00\",\"breadcrumb\":{\"@id\":\"https:\/\/brixi.ca\/fr\/avantages\/notre-entreprise\/#breadcrumb\"},\"inLanguage\":\"fr-FR\",\"potentialAction\":[{\"@type\":\"ReadAction\",\"target\":[\"https:\/\/brixi.ca\/fr\/avantages\/notre-entreprise\/\"]}]},{\"@type\":\"BreadcrumbList\",\"@id\":\"https:\/\/brixi.ca\/fr\/avantages\/notre-entreprise\/#breadcrumb\",\"itemListElement\":[{\"@type\":\"ListItem\",\"position\":1,\"name\":\"Home\",\"item\":\"https:\/\/brixi.ca\/fr\/\"},{\"@type\":\"ListItem\",\"position\":2,\"name\":\"Avantages Brixi\",\"item\":\"https:\/\/brixi.ca\/fr\/avantages\/\"},{\"@type\":\"ListItem\",\"position\":3,\"name\":\"Notre entreprise\"}]}]}<\/script>\n<!-- \/ Yoast SEO plugin. -->","yoast_head_json":{"robots":{"index":"index","follow":"follow","max-snippet":"max-snippet:-1","max-image-preview":"max-image-preview:large","max-video-preview":"max-video-preview:-1"},"canonical":"https:\/\/brixi.ca\/fr\/avantages\/notre-entreprise\/","og_locale":"fr_FR","og_type":"article","og_title":"Notre entreprise - Brixi","og_description":"Depuis pr\u00e8s d\u2019un demi-si\u00e8cle, Les Entreprises Brixi Inc. se sont b\u00e2ties une r\u00e9putation enviable dans l\u2019acquisition, la gestion et l\u2019exploitation d\u2019immeubles commerciaux \u00e0 vocation locative en espaces de bureaux, commerciaux et industriels. Pr\u00e9sentement, g\u00e9r\u00e9e par sa deuxi\u00e8me g\u00e9n\u00e9ration de propri\u00e9taires et gestionnaires dynamiques, l\u2019entreprise continue d\u2019\u00e9largir ses champs d\u2019expertise en s&rsquo;entourant d\u2019une \u00e9quipe chevronn\u00e9e, de [&hellip;]","og_url":"https:\/\/brixi.ca\/fr\/avantages\/notre-entreprise\/","og_site_name":"Brixi","article_modified_time":"2025-09-29T17:29:19+00:00","twitter_card":"summary_large_image","twitter_misc":{"Dur\u00e9e de lecture estim\u00e9e":"2 minutes"},"schema":{"@context":"https:\/\/schema.org","@graph":[{"@type":"WebSite","@id":"https:\/\/brixi.ca\/fr\/#website","url":"https:\/\/brixi.ca\/fr\/","name":"Brixi","description":"Just another WordPress site","potentialAction":[{"@type":"SearchAction","target":{"@type":"EntryPoint","urlTemplate":"https:\/\/brixi.ca\/fr\/?s={search_term_string}"},"query-input":"required name=search_term_string"}],"inLanguage":"fr-FR"},{"@type":"WebPage","@id":"https:\/\/brixi.ca\/fr\/avantages\/notre-entreprise\/#webpage","url":"https:\/\/brixi.ca\/fr\/avantages\/notre-entreprise\/","name":"Notre entreprise - Brixi","isPartOf":{"@id":"https:\/\/brixi.ca\/fr\/#website"},"datePublished":"2016-04-27T17:30:13+00:00","dateModified":"2025-09-29T17:29:19+00:00","breadcrumb":{"@id":"https:\/\/brixi.ca\/fr\/avantages\/notre-entreprise\/#breadcrumb"},"inLanguage":"fr-FR","potentialAction":[{"@type":"ReadAction","target":["https:\/\/brixi.ca\/fr\/avantages\/notre-entreprise\/"]}]},{"@type":"BreadcrumbList","@id":"https:\/\/brixi.ca\/fr\/avantages\/notre-entreprise\/#breadcrumb","itemListElement":[{"@type":"ListItem","position":1,"name":"Home","item":"https:\/\/brixi.ca\/fr\/"},{"@type":"ListItem","position":2,"name":"Avantages Brixi","item":"https:\/\/brixi.ca\/fr\/avantages\/"},{"@type":"ListItem","position":3,"name":"Notre entreprise"}]}]}},"_links":{"self":[{"href":"https:\/\/brixi.ca\/fr\/wp-json\/wp\/v2\/pages\/1582\/"}],"collection":[{"href":"https:\/\/brixi.ca\/fr\/wp-json\/wp\/v2\/pages\/"}],"about":[{"href":"https:\/\/brixi.ca\/fr\/wp-json\/wp\/v2\/types\/page\/"}],"author":[{"embeddable":true,"href":"https:\/\/brixi.ca\/fr\/wp-json\/wp\/v2\/users\/1\/"}],"replies":[{"embeddable":true,"href":"https:\/\/brixi.ca\/fr\/wp-json\/wp\/v2\/comments\/?post=1582"}],"version-history":[{"count":13,"href":"https:\/\/brixi.ca\/fr\/wp-json\/wp\/v2\/pages\/1582\/revisions\/"}],"predecessor-version":[{"id":4599,"href":"https:\/\/brixi.ca\/fr\/wp-json\/wp\/v2\/pages\/1582\/revisions\/4599\/"}],"up":[{"embeddable":true,"href":"https:\/\/brixi.ca\/fr\/wp-json\/wp\/v2\/pages\/28\/"}],"wp:attachment":[{"href":"https:\/\/brixi.ca\/fr\/wp-json\/wp\/v2\/media\/?parent=1582"}],"curies":[{"name":"wp","href":"https:\/\/api.w.org\/{rel}","templated":true}]}}