{"id":28,"date":"2015-04-24T14:44:46","date_gmt":"2015-04-24T18:44:46","guid":{"rendered":"https:\/\/brixi.ca\/?page_id=28"},"modified":"2015-09-16T18:21:41","modified_gmt":"2015-09-16T22:21:41","slug":"avantages","status":"publish","type":"page","link":"https:\/\/brixi.ca\/fr\/avantages\/","title":{"rendered":"Avantages Brixi"},"content":{"rendered":"<p style=\"text-align: justify;\"><span class=\"excerpt\">Une entreprise familiale avant tout\u2026<\/span><\/p>\n<p style=\"text-align: justify;\">Depuis plus de 40 ans, les Entreprises Brixi Inc. se sont b\u00e2ti une r\u00e9putation enviable dans l\u2019acquisition, la gestion et l\u2019exploitation d\u2019immeubles commerciaux \u00e0 vocation locative.<\/p>\n<p style=\"text-align: justify;\">Maintenant \u00e0 sa deuxi\u00e8me g\u00e9n\u00e9ration de propri\u00e9taires et de gestionnaires dynamiques, l\u2019entreprise s\u2019est entour\u00e9e d\u2019une \u00e9quipe chevronn\u00e9e, de partenaires et de fournisseurs tri\u00e9s sur le volet.<\/p>\n<p style=\"text-align: justify;\">Toujours fid\u00e8le \u00e0 son approche fond\u00e9e sur l\u2019excellence de son service, \u00e0 sa minutie de gestion et sa grande \u00e9coute ax\u00e9e sur les moindre besoins exprim\u00e9s par sa client\u00e8le, l\u2019entreprise devient rapidement une r\u00e9f\u00e9rence pour quiconque est \u00e0 la recherche d\u2019une solution locative sur mesure accessible dans la r\u00e9gion du Grand Montr\u00e9al.<\/p>\n<p style=\"text-align: justify;\">Bienvenue chez vous!<\/p>\n<h1>Notre Expertise<\/h1>\n<div class=\"row expertise-container\">\n<div class=\"small-12 medium-6 large-3 columns\">\n<div id=\"minutie\" class=\"expertise js-active\">\n<div class=\"titre-expertise minutie\">\n<h3>Minutie de<\/h3>\n<p class=\"excerpt\">gestion<\/p>\n<\/div>\n<div class=\"triangle-plus\"><\/div>\n<\/div>\n<\/div>\n<div class=\"small-12 medium-6 large-3 columns\">\n<div id=\"gestion\" class=\"expertise\">\n<div class=\"titre-expertise gestion\">\n<h3>Gestion<\/h3>\n<p class=\"excerpt\">Proactive<\/p>\n<\/div>\n<div class=\"triangle-plus\"><\/div>\n<\/div>\n<\/div>\n<div class=\"small-12 medium-6 large-3 columns\">\n<div id=\"flexibilite\" class=\"expertise\">\n<div class=\"titre-expertise flexibilite\">\n<h3>Flexibilit\u00e9 de<\/h3>\n<p class=\"excerpt\">Notre offre<\/p>\n<\/div>\n<div class=\"triangle-plus\"><\/div>\n<\/div>\n<\/div>\n<div class=\"small-12 medium-6 large-3 columns\">\n<div id=\"accessibilite\" class=\"expertise\">\n<div class=\"titre-expertise accessibilite\">\n<h3>Accessibilit\u00e9<\/h3>\n<p class=\"excerpt\">Propri\u00e9taire locataire<\/p>\n<\/div>\n<div class=\"triangle-plus\"><\/div>\n<\/div>\n<\/div>\n<\/div>\n<div id=\"minutie-text\" class=\"minutie-text\">\n<h4 style=\"text-align: justify;\">Minutie de gestion : location sans tracas<\/h4>\n<p style=\"text-align: justify;\">Nos normes rigoureuses en mati\u00e8re de gestion nous permettent de maintenir un taux \u00e9lev\u00e9 de r\u00e9tention de nos locataires et de tisser avec eux, par la m\u00eame occasion, des liens de confiance solides qui apportent une grande satisfaction de part et d\u2019autre.<\/p>\n<p style=\"text-align: justify;\">En tant que propri\u00e9taires gestionnaires de nos immeubles, nous prenons en charge l\u2019exploitation de l\u2019\u00e9difice afin d\u2019offrir une location cl\u00e9-en-main \u00e0 notre client\u00e8le. Qu\u2019il s\u2019agisse d\u2019un accompagnement rigoureux lors de l\u2019am\u00e9nagement d\u2019un bureau \u00e0 la mise \u00e0 contribution de nos ressources et de notre expertise de l\u2019industrie, nous vous accompagnerons \u00e0 chacune des \u00e9tapes de la location de votre espace commercial.<\/p>\n<p style=\"text-align: justify;\">Voici un bref aper\u00e7u des services qui vous sont offerts en tant que locataires par notre \u00e9quipe de gestion :<\/p>\n<ul>\n<li style=\"text-align: justify;\">\u00c9tudes pr\u00e9liminaires et accompagnement dans le projet de location<\/li>\n<li style=\"text-align: justify;\">Ententes de service enti\u00e8rement personnalis\u00e9s et adapt\u00e9es<\/li>\n<li style=\"text-align: justify;\">Am\u00e9nagements\/ design et \u00e9laboration des \u00e9tapes de r\u00e9alisation du local<\/li>\n<li style=\"text-align: justify;\">Supervision des travaux d\u2019am\u00e9nagement et des dates butoirs<\/li>\n<li style=\"text-align: justify;\">Service de maintenance et d\u2019entretien disponible et efficace<\/li>\n<li style=\"text-align: justify;\">Prise en charge de la gestion et des frais d\u2019exploitation d\u2019\u00e9difice<\/li>\n<li style=\"text-align: justify;\">Prise en charge de la gestion et des frais d\u2019entretien d\u2019\u00e9difice<\/li>\n<li style=\"text-align: justify;\">Prise en charge et suivi personnalis\u00e9 de l\u2019entretien m\u00e9nager<\/li>\n<li style=\"text-align: justify;\">Normes et dispositifs de s\u00e9curit\u00e9 accrus dans les \u00e9difices<\/li>\n<\/ul>\n<\/div>\n<div id=\"gestion-text\" class=\"gestion-text\" style=\"display: none;\">\n<h4>Gestion proactive<\/h4>\n<p>Confort et efficacit\u00e9 dans vos activit\u00e9s avant tout!<\/p>\n<p>Espaces tout confort et ergonomie sont au rendez-vous. Rien n\u2019est laiss\u00e9 au hasard! Nous vous garantissons un confort accru gr\u00e2ce \u00e0 des investissements soutenus et r\u00e9guliers dans nos \u00e9difices et un entretien rigoureux.<\/p>\n<p>Aussi, nous travaillons \u00e0 conserver une architecture actuelle gr\u00e2ce aux services et l\u2019avis d\u2019experts-conseils ainsi qu\u2019au relooking et la modernisation de nos immeubles<br \/>\nNotre style de gestion proactif et efficace nous permet de nous positionner avantageusement que ce soit dans l\u2019optimisation de nos propri\u00e9t\u00e9s existantes, l\u2019accroissement de nos activit\u00e9s immobili\u00e8res mais surtout et avant tout, d\u2019\u00eatre l\u00e0 pour anticiper toute pr\u00e9occupation \u00e9ventuelle de nos locataires!<br \/>\nDes espaces pens\u00e9s, cr\u00e9\u00e9s pour mieux y vivre et y travailler!<\/p>\n<\/div>\n<div id=\"flexibilite-text\" class=\"flexibilite-text\" style=\"display: none;\">\n<h4>Flexibilit\u00e9 de notre offre<\/h4>\n<p>Qu\u2019il s\u2019agisse d\u2019une premi\u00e8re location commerciale ou la relocalisation de votre entreprise, nous sommes proactifs \u00e0 trouver avec vous la solution locative la mieux adapt\u00e9e \u00e0 votre r\u00e9alit\u00e9 du moment. Nous avons \u00e0 notre actif une vari\u00e9t\u00e9 de superficies locatives qui nous permet de satisfaire tous les budgets!<\/p>\n<p>Que vous soyez travailleur autonome \u00e0 la recherche d\u2019un petit local, dirigeant d\u2019entreprise avec l\u2019ensemble de votre personnel ou que vous cherchiez simplement \u00e0 \u00e9tablir une pr\u00e9sence dans la grande r\u00e9gion de Montr\u00e9al, nous serons faire preuve d\u2019ing\u00e9niosit\u00e9 afin de cr\u00e9er votre espace selon vos attentes et ce, \u00e0 prix comp\u00e9titif!<\/p>\n<p>Vous \u00eates d\u00e9j\u00e0 locataire avec nous et vos besoins en superficie locative ont \u00e9volu\u00e9s? Que cela ne tienne! Nous serons \u00e0 la hauteur pour trouver la solution sur mesure qui vous convient!<\/p>\n<p>Tous nos espaces locatifs partagent un point en commun : vous offrir un excellent rapport service-qualit\u00e9-prix!<\/p>\n<p>Offrez-vous la qualit\u00e9!<\/p>\n<\/div>\n<div id=\"accessibilite-text\" class=\"accessibilite-text\" style=\"display: none;\">\n<h4>Accessibilit\u00e9 Propri\u00e9taire-Locataire<\/h4>\n<p>Nous avons volontairement \u00e9labor\u00e9 une structure de gestion simplifi\u00e9e afin de favoriser une grande accessibilit\u00e9 qui se traduit au quotidien par un contact direct et personnalis\u00e9 avec chacun de nos clients. Voil\u00e0 ce qui nous distingue de la concurrence. Vous \u00eates unique et c\u2019est pour cette raison que votre exp\u00e9rience avec nous le sera tout autant!<\/p>\n<p>Cette proximit\u00e9 entre propri\u00e9taires et locataires nous permet d&rsquo;aller au-del\u00e0 de vos attentes et de vous assurer une vitesse de r\u00e9action et d&rsquo;ex\u00e9cution maximale.<\/p>\n<p>Un tracas? Pas de soucis, nous sommes l\u00e0!<\/p>\n<\/div>\n<h1 style=\"text-align: justify;\">Notre engagement envers vous<\/h1>\n<p style=\"text-align: justify;\">Ce qui nous anime? Mettre tout en oeuvre afin de donner le meilleur service personnalis\u00e9 qui soit en \u00e9tablissant une relation de confiance et d\u2019ouverture envers notre client\u00e8le, vous!<\/p>\n<p style=\"text-align: justify;\">Notre pr\u00e9occupation? Vous laissez libre de toute pr\u00e9occupation afin que toute votre \u00e9nergie soit focalis\u00e9e sur ce que vous faites le mieux : faire fructifier vos affaires!<\/p>\n<p style=\"text-align: justify;\">Notre \u00e9quipe s\u2019occupe de tout. Allez, laissez-vous choyer!<\/p>\n<p style=\"text-align: justify;\">Trouvez votre Espace de travail <strong>aujourd\u2019hui! <\/strong><a title=\"Contactez-nous\" href=\"\/fr\/contactez-nous\/\">Appelez-nous d\u00e8s <strong>maintenant!<\/strong><\/a><\/p>\n","protected":false},"excerpt":{"rendered":"<p>Une entreprise familiale avant tout\u2026 Depuis plus de 40 ans, les Entreprises Brixi Inc. se sont b\u00e2ti une r\u00e9putation enviable dans l\u2019acquisition, la gestion et l\u2019exploitation d\u2019immeubles commerciaux \u00e0 vocation locative. Maintenant \u00e0 sa deuxi\u00e8me g\u00e9n\u00e9ration de propri\u00e9taires et de gestionnaires dynamiques, l\u2019entreprise s\u2019est entour\u00e9e d\u2019une \u00e9quipe chevronn\u00e9e, de partenaires et de fournisseurs tri\u00e9s sur [&hellip;]<\/p>\n","protected":false},"author":1,"featured_media":0,"parent":0,"menu_order":0,"comment_status":"open","ping_status":"open","template":"template-avantages.php","meta":[],"yoast_head":"<!-- This site is optimized with the Yoast SEO plugin v17.3 - https:\/\/yoast.com\/wordpress\/plugins\/seo\/ -->\n<meta name=\"description\" content=\"Les Entreprises Brixi se sont b\u00e2ti une r\u00e9putation dans l\u2019acquisition, la gestion et l\u2019exploitation d\u2019immeubles commerciaux \u00e0 vocation locative.\" \/>\n<meta name=\"robots\" content=\"index, follow, max-snippet:-1, max-image-preview:large, max-video-preview:-1\" \/>\n<link rel=\"canonical\" href=\"https:\/\/brixi.ca\/fr\/avantages\/\" \/>\n<meta property=\"og:locale\" content=\"fr_FR\" \/>\n<meta property=\"og:type\" content=\"article\" \/>\n<meta property=\"og:title\" content=\"Avantages Brixi - Brixi\" \/>\n<meta property=\"og:description\" content=\"Les Entreprises Brixi se sont b\u00e2ti une r\u00e9putation dans l\u2019acquisition, la gestion et l\u2019exploitation d\u2019immeubles commerciaux \u00e0 vocation locative.\" \/>\n<meta property=\"og:url\" content=\"https:\/\/brixi.ca\/fr\/avantages\/\" \/>\n<meta property=\"og:site_name\" content=\"Brixi\" \/>\n<meta property=\"article:modified_time\" content=\"2015-09-16T22:21:41+00:00\" \/>\n<meta name=\"twitter:card\" content=\"summary_large_image\" \/>\n<meta name=\"twitter:label1\" content=\"Dur\u00e9e de lecture estim\u00e9e\" \/>\n\t<meta name=\"twitter:data1\" content=\"4 minutes\" \/>\n<script type=\"application\/ld+json\" class=\"yoast-schema-graph\">{\"@context\":\"https:\/\/schema.org\",\"@graph\":[{\"@type\":\"WebSite\",\"@id\":\"https:\/\/brixi.ca\/fr\/#website\",\"url\":\"https:\/\/brixi.ca\/fr\/\",\"name\":\"Brixi\",\"description\":\"Just another WordPress site\",\"potentialAction\":[{\"@type\":\"SearchAction\",\"target\":{\"@type\":\"EntryPoint\",\"urlTemplate\":\"https:\/\/brixi.ca\/fr\/?s={search_term_string}\"},\"query-input\":\"required name=search_term_string\"}],\"inLanguage\":\"fr-FR\"},{\"@type\":\"WebPage\",\"@id\":\"https:\/\/brixi.ca\/fr\/avantages\/#webpage\",\"url\":\"https:\/\/brixi.ca\/fr\/avantages\/\",\"name\":\"Avantages Brixi - Brixi\",\"isPartOf\":{\"@id\":\"https:\/\/brixi.ca\/fr\/#website\"},\"datePublished\":\"2015-04-24T18:44:46+00:00\",\"dateModified\":\"2015-09-16T22:21:41+00:00\",\"description\":\"Les Entreprises Brixi se sont b\\u00e2ti une r\\u00e9putation dans l\\u2019acquisition, la gestion et l\\u2019exploitation d\\u2019immeubles commerciaux \\u00e0 vocation locative.\",\"breadcrumb\":{\"@id\":\"https:\/\/brixi.ca\/fr\/avantages\/#breadcrumb\"},\"inLanguage\":\"fr-FR\",\"potentialAction\":[{\"@type\":\"ReadAction\",\"target\":[\"https:\/\/brixi.ca\/fr\/avantages\/\"]}]},{\"@type\":\"BreadcrumbList\",\"@id\":\"https:\/\/brixi.ca\/fr\/avantages\/#breadcrumb\",\"itemListElement\":[{\"@type\":\"ListItem\",\"position\":1,\"name\":\"Home\",\"item\":\"https:\/\/brixi.ca\/fr\/\"},{\"@type\":\"ListItem\",\"position\":2,\"name\":\"Avantages Brixi\"}]}]}<\/script>\n<!-- \/ Yoast SEO plugin. -->","yoast_head_json":{"description":"Les Entreprises Brixi se sont b\u00e2ti une r\u00e9putation dans l\u2019acquisition, la gestion et l\u2019exploitation d\u2019immeubles commerciaux \u00e0 vocation locative.","robots":{"index":"index","follow":"follow","max-snippet":"max-snippet:-1","max-image-preview":"max-image-preview:large","max-video-preview":"max-video-preview:-1"},"canonical":"https:\/\/brixi.ca\/fr\/avantages\/","og_locale":"fr_FR","og_type":"article","og_title":"Avantages Brixi - Brixi","og_description":"Les Entreprises Brixi se sont b\u00e2ti une r\u00e9putation dans l\u2019acquisition, la gestion et l\u2019exploitation d\u2019immeubles commerciaux \u00e0 vocation locative.","og_url":"https:\/\/brixi.ca\/fr\/avantages\/","og_site_name":"Brixi","article_modified_time":"2015-09-16T22:21:41+00:00","twitter_card":"summary_large_image","twitter_misc":{"Dur\u00e9e de lecture estim\u00e9e":"4 minutes"},"schema":{"@context":"https:\/\/schema.org","@graph":[{"@type":"WebSite","@id":"https:\/\/brixi.ca\/fr\/#website","url":"https:\/\/brixi.ca\/fr\/","name":"Brixi","description":"Just another WordPress site","potentialAction":[{"@type":"SearchAction","target":{"@type":"EntryPoint","urlTemplate":"https:\/\/brixi.ca\/fr\/?s={search_term_string}"},"query-input":"required name=search_term_string"}],"inLanguage":"fr-FR"},{"@type":"WebPage","@id":"https:\/\/brixi.ca\/fr\/avantages\/#webpage","url":"https:\/\/brixi.ca\/fr\/avantages\/","name":"Avantages Brixi - Brixi","isPartOf":{"@id":"https:\/\/brixi.ca\/fr\/#website"},"datePublished":"2015-04-24T18:44:46+00:00","dateModified":"2015-09-16T22:21:41+00:00","description":"Les Entreprises Brixi se sont b\u00e2ti une r\u00e9putation dans l\u2019acquisition, la gestion et l\u2019exploitation d\u2019immeubles commerciaux \u00e0 vocation locative.","breadcrumb":{"@id":"https:\/\/brixi.ca\/fr\/avantages\/#breadcrumb"},"inLanguage":"fr-FR","potentialAction":[{"@type":"ReadAction","target":["https:\/\/brixi.ca\/fr\/avantages\/"]}]},{"@type":"BreadcrumbList","@id":"https:\/\/brixi.ca\/fr\/avantages\/#breadcrumb","itemListElement":[{"@type":"ListItem","position":1,"name":"Home","item":"https:\/\/brixi.ca\/fr\/"},{"@type":"ListItem","position":2,"name":"Avantages Brixi"}]}]}},"_links":{"self":[{"href":"https:\/\/brixi.ca\/fr\/wp-json\/wp\/v2\/pages\/28\/"}],"collection":[{"href":"https:\/\/brixi.ca\/fr\/wp-json\/wp\/v2\/pages\/"}],"about":[{"href":"https:\/\/brixi.ca\/fr\/wp-json\/wp\/v2\/types\/page\/"}],"author":[{"embeddable":true,"href":"https:\/\/brixi.ca\/fr\/wp-json\/wp\/v2\/users\/1\/"}],"replies":[{"embeddable":true,"href":"https:\/\/brixi.ca\/fr\/wp-json\/wp\/v2\/comments\/?post=28"}],"version-history":[{"count":89,"href":"https:\/\/brixi.ca\/fr\/wp-json\/wp\/v2\/pages\/28\/revisions\/"}],"predecessor-version":[{"id":1355,"href":"https:\/\/brixi.ca\/fr\/wp-json\/wp\/v2\/pages\/28\/revisions\/1355\/"}],"wp:attachment":[{"href":"https:\/\/brixi.ca\/fr\/wp-json\/wp\/v2\/media\/?parent=28"}],"curies":[{"name":"wp","href":"https:\/\/api.w.org\/{rel}","templated":true}]}}