{"id":30,"date":"2015-04-24T14:45:24","date_gmt":"2015-04-24T18:45:24","guid":{"rendered":"https:\/\/brixi.ca\/?page_id=30"},"modified":"2021-03-23T14:41:59","modified_gmt":"2021-03-23T18:41:59","slug":"possibilite-de-location-brixi","status":"publish","type":"page","link":"https:\/\/brixi.ca\/fr\/possibilite-de-location-brixi\/","title":{"rendered":"Possibilit\u00e9s de location brixi"},"content":{"rendered":"<p><span class=\"excerpt\">Trouvez d\u00e8s <strong>maintenant <\/strong>la surface dont vous avez besoin tout<strong> en respectant votre budget!<\/strong><\/span><\/p>\n<p>Avec plusieurs centaines de milliers de pied carr\u00e9s en surfaces locatives strat\u00e9giquement localis\u00e9es sur la Rive-sud de Montr\u00e9al et dans des p\u00f4les \u00e9conomiques d\u2019influences du Qu\u00e9bec, Les Entreprises Brixi inc. vous offre une vari\u00e9t\u00e9 d\u2019espaces pouvant \u00eatre am\u00e9nag\u00e9s sur mesure qui sauront hautement vous satisfaire.<\/p>\n<p>N\u2019attendez plus! Consultez notre r\u00e9pertoire ou tout simplement appelez-nous pour toute information. Il nous fera plaisir de vous assister au mieux dans votre d\u00e9marche locative.<\/p>\n<p>Prix tr\u00e8s comp\u00e9titifs, service hors pair et minutie de gestion sont au nombre des multiples avantages que vous retrouverez chez nous.<\/p>\n<p>Bienvenue chez vous!<\/p>\n<p>&nbsp;<\/p>\n<p>**Veuillez prendre note que les visites de tous nos locaux sont faites en respect avec les recommandations de la sant\u00e9 publique**<\/p>\n","protected":false},"excerpt":{"rendered":"<p>Trouvez d\u00e8s maintenant la surface dont vous avez besoin tout en respectant votre budget! Avec plusieurs centaines de milliers de pied carr\u00e9s en surfaces locatives strat\u00e9giquement localis\u00e9es sur la Rive-sud de Montr\u00e9al et dans des p\u00f4les \u00e9conomiques d\u2019influences du Qu\u00e9bec, Les Entreprises Brixi inc. vous offre une vari\u00e9t\u00e9 d\u2019espaces pouvant \u00eatre am\u00e9nag\u00e9s sur mesure qui [&hellip;]<\/p>\n","protected":false},"author":1,"featured_media":0,"parent":0,"menu_order":0,"comment_status":"open","ping_status":"open","template":"template-location.php","meta":[],"yoast_head":"<!-- This site is optimized with the Yoast SEO plugin v17.3 - https:\/\/yoast.com\/wordpress\/plugins\/seo\/ -->\n<meta name=\"description\" content=\"Les Entreprises Brixi vous offre la location d&#039;une vari\u00e9t\u00e9 d\u2019espaces pouvant \u00eatre am\u00e9nag\u00e9s sur mesure. Trouvez d\u00e8s maintenant la surface dont vous avez besoin!\" \/>\n<meta name=\"robots\" content=\"index, follow, max-snippet:-1, max-image-preview:large, max-video-preview:-1\" \/>\n<link rel=\"canonical\" href=\"https:\/\/brixi.ca\/fr\/possibilite-de-location-brixi\/\" \/>\n<meta property=\"og:locale\" content=\"fr_FR\" \/>\n<meta property=\"og:type\" content=\"article\" \/>\n<meta property=\"og:title\" content=\"Possibilit\u00e9s de location brixi - Brixi\" \/>\n<meta property=\"og:description\" content=\"Les Entreprises Brixi vous offre la location d&#039;une vari\u00e9t\u00e9 d\u2019espaces pouvant \u00eatre am\u00e9nag\u00e9s sur mesure. Trouvez d\u00e8s maintenant la surface dont vous avez besoin!\" \/>\n<meta property=\"og:url\" content=\"https:\/\/brixi.ca\/fr\/possibilite-de-location-brixi\/\" \/>\n<meta property=\"og:site_name\" content=\"Brixi\" \/>\n<meta property=\"article:modified_time\" content=\"2021-03-23T18:41:59+00:00\" \/>\n<meta name=\"twitter:card\" content=\"summary_large_image\" \/>\n<meta name=\"twitter:label1\" content=\"Dur\u00e9e de lecture estim\u00e9e\" \/>\n\t<meta name=\"twitter:data1\" content=\"1 minute\" \/>\n<script type=\"application\/ld+json\" class=\"yoast-schema-graph\">{\"@context\":\"https:\/\/schema.org\",\"@graph\":[{\"@type\":\"WebSite\",\"@id\":\"https:\/\/brixi.ca\/fr\/#website\",\"url\":\"https:\/\/brixi.ca\/fr\/\",\"name\":\"Brixi\",\"description\":\"Just another WordPress site\",\"potentialAction\":[{\"@type\":\"SearchAction\",\"target\":{\"@type\":\"EntryPoint\",\"urlTemplate\":\"https:\/\/brixi.ca\/fr\/?s={search_term_string}\"},\"query-input\":\"required name=search_term_string\"}],\"inLanguage\":\"fr-FR\"},{\"@type\":\"WebPage\",\"@id\":\"https:\/\/brixi.ca\/fr\/possibilite-de-location-brixi\/#webpage\",\"url\":\"https:\/\/brixi.ca\/fr\/possibilite-de-location-brixi\/\",\"name\":\"Possibilit\\u00e9s de location brixi - Brixi\",\"isPartOf\":{\"@id\":\"https:\/\/brixi.ca\/fr\/#website\"},\"datePublished\":\"2015-04-24T18:45:24+00:00\",\"dateModified\":\"2021-03-23T18:41:59+00:00\",\"description\":\"Les Entreprises Brixi vous offre la location d'une vari\\u00e9t\\u00e9 d\\u2019espaces pouvant \\u00eatre am\\u00e9nag\\u00e9s sur mesure. Trouvez d\\u00e8s maintenant la surface dont vous avez besoin!\",\"breadcrumb\":{\"@id\":\"https:\/\/brixi.ca\/fr\/possibilite-de-location-brixi\/#breadcrumb\"},\"inLanguage\":\"fr-FR\",\"potentialAction\":[{\"@type\":\"ReadAction\",\"target\":[\"https:\/\/brixi.ca\/fr\/possibilite-de-location-brixi\/\"]}]},{\"@type\":\"BreadcrumbList\",\"@id\":\"https:\/\/brixi.ca\/fr\/possibilite-de-location-brixi\/#breadcrumb\",\"itemListElement\":[{\"@type\":\"ListItem\",\"position\":1,\"name\":\"Home\",\"item\":\"https:\/\/brixi.ca\/fr\/\"},{\"@type\":\"ListItem\",\"position\":2,\"name\":\"Possibilit\\u00e9s de location brixi\"}]}]}<\/script>\n<!-- \/ Yoast SEO plugin. -->","yoast_head_json":{"description":"Les Entreprises Brixi vous offre la location d'une vari\u00e9t\u00e9 d\u2019espaces pouvant \u00eatre am\u00e9nag\u00e9s sur mesure. Trouvez d\u00e8s maintenant la surface dont vous avez besoin!","robots":{"index":"index","follow":"follow","max-snippet":"max-snippet:-1","max-image-preview":"max-image-preview:large","max-video-preview":"max-video-preview:-1"},"canonical":"https:\/\/brixi.ca\/fr\/possibilite-de-location-brixi\/","og_locale":"fr_FR","og_type":"article","og_title":"Possibilit\u00e9s de location brixi - Brixi","og_description":"Les Entreprises Brixi vous offre la location d'une vari\u00e9t\u00e9 d\u2019espaces pouvant \u00eatre am\u00e9nag\u00e9s sur mesure. Trouvez d\u00e8s maintenant la surface dont vous avez besoin!","og_url":"https:\/\/brixi.ca\/fr\/possibilite-de-location-brixi\/","og_site_name":"Brixi","article_modified_time":"2021-03-23T18:41:59+00:00","twitter_card":"summary_large_image","twitter_misc":{"Dur\u00e9e de lecture estim\u00e9e":"1 minute"},"schema":{"@context":"https:\/\/schema.org","@graph":[{"@type":"WebSite","@id":"https:\/\/brixi.ca\/fr\/#website","url":"https:\/\/brixi.ca\/fr\/","name":"Brixi","description":"Just another WordPress site","potentialAction":[{"@type":"SearchAction","target":{"@type":"EntryPoint","urlTemplate":"https:\/\/brixi.ca\/fr\/?s={search_term_string}"},"query-input":"required name=search_term_string"}],"inLanguage":"fr-FR"},{"@type":"WebPage","@id":"https:\/\/brixi.ca\/fr\/possibilite-de-location-brixi\/#webpage","url":"https:\/\/brixi.ca\/fr\/possibilite-de-location-brixi\/","name":"Possibilit\u00e9s de location brixi - Brixi","isPartOf":{"@id":"https:\/\/brixi.ca\/fr\/#website"},"datePublished":"2015-04-24T18:45:24+00:00","dateModified":"2021-03-23T18:41:59+00:00","description":"Les Entreprises Brixi vous offre la location d'une vari\u00e9t\u00e9 d\u2019espaces pouvant \u00eatre am\u00e9nag\u00e9s sur mesure. Trouvez d\u00e8s maintenant la surface dont vous avez besoin!","breadcrumb":{"@id":"https:\/\/brixi.ca\/fr\/possibilite-de-location-brixi\/#breadcrumb"},"inLanguage":"fr-FR","potentialAction":[{"@type":"ReadAction","target":["https:\/\/brixi.ca\/fr\/possibilite-de-location-brixi\/"]}]},{"@type":"BreadcrumbList","@id":"https:\/\/brixi.ca\/fr\/possibilite-de-location-brixi\/#breadcrumb","itemListElement":[{"@type":"ListItem","position":1,"name":"Home","item":"https:\/\/brixi.ca\/fr\/"},{"@type":"ListItem","position":2,"name":"Possibilit\u00e9s de location brixi"}]}]}},"_links":{"self":[{"href":"https:\/\/brixi.ca\/fr\/wp-json\/wp\/v2\/pages\/30\/"}],"collection":[{"href":"https:\/\/brixi.ca\/fr\/wp-json\/wp\/v2\/pages\/"}],"about":[{"href":"https:\/\/brixi.ca\/fr\/wp-json\/wp\/v2\/types\/page\/"}],"author":[{"embeddable":true,"href":"https:\/\/brixi.ca\/fr\/wp-json\/wp\/v2\/users\/1\/"}],"replies":[{"embeddable":true,"href":"https:\/\/brixi.ca\/fr\/wp-json\/wp\/v2\/comments\/?post=30"}],"version-history":[{"count":41,"href":"https:\/\/brixi.ca\/fr\/wp-json\/wp\/v2\/pages\/30\/revisions\/"}],"predecessor-version":[{"id":3698,"href":"https:\/\/brixi.ca\/fr\/wp-json\/wp\/v2\/pages\/30\/revisions\/3698\/"}],"wp:attachment":[{"href":"https:\/\/brixi.ca\/fr\/wp-json\/wp\/v2\/media\/?parent=30"}],"curies":[{"name":"wp","href":"https:\/\/api.w.org\/{rel}","templated":true}]}}