{"id":35,"date":"2015-04-24T14:48:29","date_gmt":"2015-04-24T18:48:29","guid":{"rendered":"https:\/\/brixi.ca\/?page_id=35"},"modified":"2019-12-02T11:37:26","modified_gmt":"2019-12-02T16:37:26","slug":"proprietes","status":"publish","type":"page","link":"https:\/\/brixi.ca\/fr\/proprietes\/","title":{"rendered":"Nos propri\u00e9t\u00e9s"},"content":{"rendered":"<p>Trouvez d\u00e8s <strong>maintenant<\/strong> l\u2019espace locatif qui vous convient!<\/p>\n<p>Avec plusieurs \u00e9difices dans la grande r\u00e9gion de Montr\u00e9al et plusieurs centaines de milliers de pieds carr\u00e9s en surface locative \u00e0 notre actif, Les Entreprises Brixi Inc. vous offre un choix locatif des plus int\u00e9ressants en espaces de bureaux, commerciaux et industriels qui exc\u00e9deront vos besoins d\u2019affaires.<\/p>\n<p>Contactez-nous d\u00e8s <strong>aujourd\u2019hui!<\/strong> Il nous fera plaisir de vous conseiller afin de trouver la meilleure solution locative adapt\u00e9e \u00e0 votre entreprise.<\/p>\n","protected":false},"excerpt":{"rendered":"<p>Trouvez d\u00e8s maintenant l\u2019espace locatif qui vous convient! Avec plusieurs \u00e9difices dans la grande r\u00e9gion de Montr\u00e9al et plusieurs centaines de milliers de pieds carr\u00e9s en surface locative \u00e0 notre actif, Les Entreprises Brixi Inc. vous offre un choix locatif des plus int\u00e9ressants en espaces de bureaux, commerciaux et industriels qui exc\u00e9deront vos besoins d\u2019affaires. [&hellip;]<\/p>\n","protected":false},"author":1,"featured_media":0,"parent":0,"menu_order":0,"comment_status":"open","ping_status":"open","template":"template-building-list.php","meta":[],"yoast_head":"<!-- This site is optimized with the Yoast SEO plugin v17.3 - https:\/\/yoast.com\/wordpress\/plugins\/seo\/ -->\n<meta name=\"description\" content=\"Les Entreprises Brixi vous offre un choix locatif des plus int\u00e9ressant en espaces de bureaux, commerciaux et industriels qui saura convenir \u00e0 vos besoins.\" \/>\n<meta name=\"robots\" content=\"index, follow, max-snippet:-1, max-image-preview:large, max-video-preview:-1\" \/>\n<link rel=\"canonical\" href=\"https:\/\/brixi.ca\/fr\/proprietes\/\" \/>\n<meta property=\"og:locale\" content=\"fr_FR\" \/>\n<meta property=\"og:type\" content=\"article\" \/>\n<meta property=\"og:title\" content=\"Espaces &amp; locaux commerciaux \u00e0 louer | Les Entreprises Brixi\" \/>\n<meta property=\"og:description\" content=\"Les Entreprises Brixi vous offre un choix locatif des plus int\u00e9ressant en espaces de bureaux, commerciaux et industriels qui saura convenir \u00e0 vos besoins.\" \/>\n<meta property=\"og:url\" content=\"https:\/\/brixi.ca\/fr\/proprietes\/\" \/>\n<meta property=\"og:site_name\" content=\"Brixi\" \/>\n<meta property=\"article:modified_time\" content=\"2019-12-02T16:37:26+00:00\" \/>\n<meta name=\"twitter:card\" content=\"summary_large_image\" \/>\n<script type=\"application\/ld+json\" class=\"yoast-schema-graph\">{\"@context\":\"https:\/\/schema.org\",\"@graph\":[{\"@type\":\"WebSite\",\"@id\":\"https:\/\/brixi.ca\/fr\/#website\",\"url\":\"https:\/\/brixi.ca\/fr\/\",\"name\":\"Brixi\",\"description\":\"Just another WordPress site\",\"potentialAction\":[{\"@type\":\"SearchAction\",\"target\":{\"@type\":\"EntryPoint\",\"urlTemplate\":\"https:\/\/brixi.ca\/fr\/?s={search_term_string}\"},\"query-input\":\"required name=search_term_string\"}],\"inLanguage\":\"fr-FR\"},{\"@type\":\"WebPage\",\"@id\":\"https:\/\/brixi.ca\/fr\/proprietes\/#webpage\",\"url\":\"https:\/\/brixi.ca\/fr\/proprietes\/\",\"name\":\"Espaces & locaux commerciaux \\u00e0 louer | Les Entreprises Brixi\",\"isPartOf\":{\"@id\":\"https:\/\/brixi.ca\/fr\/#website\"},\"datePublished\":\"2015-04-24T18:48:29+00:00\",\"dateModified\":\"2019-12-02T16:37:26+00:00\",\"description\":\"Les Entreprises Brixi vous offre un choix locatif des plus int\\u00e9ressant en espaces de bureaux, commerciaux et industriels qui saura convenir \\u00e0 vos besoins.\",\"breadcrumb\":{\"@id\":\"https:\/\/brixi.ca\/fr\/proprietes\/#breadcrumb\"},\"inLanguage\":\"fr-FR\",\"potentialAction\":[{\"@type\":\"ReadAction\",\"target\":[\"https:\/\/brixi.ca\/fr\/proprietes\/\"]}]},{\"@type\":\"BreadcrumbList\",\"@id\":\"https:\/\/brixi.ca\/fr\/proprietes\/#breadcrumb\",\"itemListElement\":[{\"@type\":\"ListItem\",\"position\":1,\"name\":\"Home\",\"item\":\"https:\/\/brixi.ca\/fr\/\"},{\"@type\":\"ListItem\",\"position\":2,\"name\":\"Nos propri\\u00e9t\\u00e9s\"}]}]}<\/script>\n<!-- \/ Yoast SEO plugin. -->","yoast_head_json":{"description":"Les Entreprises Brixi vous offre un choix locatif des plus int\u00e9ressant en espaces de bureaux, commerciaux et industriels qui saura convenir \u00e0 vos besoins.","robots":{"index":"index","follow":"follow","max-snippet":"max-snippet:-1","max-image-preview":"max-image-preview:large","max-video-preview":"max-video-preview:-1"},"canonical":"https:\/\/brixi.ca\/fr\/proprietes\/","og_locale":"fr_FR","og_type":"article","og_title":"Espaces & locaux commerciaux \u00e0 louer | Les Entreprises Brixi","og_description":"Les Entreprises Brixi vous offre un choix locatif des plus int\u00e9ressant en espaces de bureaux, commerciaux et industriels qui saura convenir \u00e0 vos besoins.","og_url":"https:\/\/brixi.ca\/fr\/proprietes\/","og_site_name":"Brixi","article_modified_time":"2019-12-02T16:37:26+00:00","twitter_card":"summary_large_image","schema":{"@context":"https:\/\/schema.org","@graph":[{"@type":"WebSite","@id":"https:\/\/brixi.ca\/fr\/#website","url":"https:\/\/brixi.ca\/fr\/","name":"Brixi","description":"Just another WordPress site","potentialAction":[{"@type":"SearchAction","target":{"@type":"EntryPoint","urlTemplate":"https:\/\/brixi.ca\/fr\/?s={search_term_string}"},"query-input":"required name=search_term_string"}],"inLanguage":"fr-FR"},{"@type":"WebPage","@id":"https:\/\/brixi.ca\/fr\/proprietes\/#webpage","url":"https:\/\/brixi.ca\/fr\/proprietes\/","name":"Espaces & locaux commerciaux \u00e0 louer | Les Entreprises Brixi","isPartOf":{"@id":"https:\/\/brixi.ca\/fr\/#website"},"datePublished":"2015-04-24T18:48:29+00:00","dateModified":"2019-12-02T16:37:26+00:00","description":"Les Entreprises Brixi vous offre un choix locatif des plus int\u00e9ressant en espaces de bureaux, commerciaux et industriels qui saura convenir \u00e0 vos besoins.","breadcrumb":{"@id":"https:\/\/brixi.ca\/fr\/proprietes\/#breadcrumb"},"inLanguage":"fr-FR","potentialAction":[{"@type":"ReadAction","target":["https:\/\/brixi.ca\/fr\/proprietes\/"]}]},{"@type":"BreadcrumbList","@id":"https:\/\/brixi.ca\/fr\/proprietes\/#breadcrumb","itemListElement":[{"@type":"ListItem","position":1,"name":"Home","item":"https:\/\/brixi.ca\/fr\/"},{"@type":"ListItem","position":2,"name":"Nos propri\u00e9t\u00e9s"}]}]}},"_links":{"self":[{"href":"https:\/\/brixi.ca\/fr\/wp-json\/wp\/v2\/pages\/35\/"}],"collection":[{"href":"https:\/\/brixi.ca\/fr\/wp-json\/wp\/v2\/pages\/"}],"about":[{"href":"https:\/\/brixi.ca\/fr\/wp-json\/wp\/v2\/types\/page\/"}],"author":[{"embeddable":true,"href":"https:\/\/brixi.ca\/fr\/wp-json\/wp\/v2\/users\/1\/"}],"replies":[{"embeddable":true,"href":"https:\/\/brixi.ca\/fr\/wp-json\/wp\/v2\/comments\/?post=35"}],"version-history":[{"count":28,"href":"https:\/\/brixi.ca\/fr\/wp-json\/wp\/v2\/pages\/35\/revisions\/"}],"predecessor-version":[{"id":3053,"href":"https:\/\/brixi.ca\/fr\/wp-json\/wp\/v2\/pages\/35\/revisions\/3053\/"}],"wp:attachment":[{"href":"https:\/\/brixi.ca\/fr\/wp-json\/wp\/v2\/media\/?parent=35"}],"curies":[{"name":"wp","href":"https:\/\/api.w.org\/{rel}","templated":true}]}}