{"id":57,"date":"2015-05-04T16:22:53","date_gmt":"2015-05-04T20:22:53","guid":{"rendered":"https:\/\/brixi.ca\/?page_id=57"},"modified":"2015-11-13T10:18:30","modified_gmt":"2015-11-13T15:18:30","slug":"ambiances-corporatives-brixi","status":"publish","type":"page","link":"https:\/\/brixi.ca\/fr\/ambiances-corporatives-brixi\/","title":{"rendered":"Ambiances Corporatives Brixi"},"content":{"rendered":"<p><span class=\"excerpt\">Choisir l\u2019emplacement de votre entreprise est un <strong>facteur cl\u00e9 de sa r\u00e9ussite<\/strong><\/span><\/p>\n<p>Les Entreprises Brixi Inc. faciliteront et vous guideront au travers de tout votre processus locatif afin de vous donner tout l\u2019espace n\u00e9cessaire pour vous concentrer sur ce que vous appr\u00e9ciez le plus : la croissance de votre entreprise! Notre expertise en gestion immobili\u00e8re ainsi que notre connaissance approfondie du milieu font de nous un partenaire \u00e0 privil\u00e9gier pour quiconque recherche le meilleur espace locatif et ce, tout en respectant le budget \u00e9tabli!<\/p>\n<p>D\u00e9couvrez certains de nos espaces locatifs ainsi que les milieux de vie auxquels ils appartiennent. Une image vaut mille mots.<\/p>\n<p>Jetez un coup d\u2019\u0153il, une visite s\u2019impose!<\/p>\n","protected":false},"excerpt":{"rendered":"<p>Choisir l\u2019emplacement de votre entreprise est un facteur cl\u00e9 de sa r\u00e9ussite Les Entreprises Brixi Inc. faciliteront et vous guideront au travers de tout votre processus locatif afin de vous donner tout l\u2019espace n\u00e9cessaire pour vous concentrer sur ce que vous appr\u00e9ciez le plus : la croissance de votre entreprise! Notre expertise en gestion immobili\u00e8re [&hellip;]<\/p>\n","protected":false},"author":1,"featured_media":0,"parent":0,"menu_order":0,"comment_status":"open","ping_status":"open","template":"template-ambiance.php","meta":[],"yoast_head":"<!-- This site is optimized with the Yoast SEO plugin v17.3 - https:\/\/yoast.com\/wordpress\/plugins\/seo\/ -->\n<meta name=\"description\" content=\"D\u00e9couvrez certains de nos espaces locatifs ainsi que les milieux de vie qui les habitent! Environnement agr\u00e9ables, sains et s\u00e9curitaires.\" \/>\n<meta name=\"robots\" content=\"index, follow, max-snippet:-1, max-image-preview:large, max-video-preview:-1\" \/>\n<link rel=\"canonical\" href=\"https:\/\/brixi.ca\/fr\/ambiances-corporatives-brixi\/\" \/>\n<meta property=\"og:locale\" content=\"fr_FR\" \/>\n<meta property=\"og:type\" content=\"article\" \/>\n<meta property=\"og:title\" content=\"Ambiances Corporatives Brixi - Brixi\" \/>\n<meta property=\"og:description\" content=\"D\u00e9couvrez certains de nos espaces locatifs ainsi que les milieux de vie qui les habitent! Environnement agr\u00e9ables, sains et s\u00e9curitaires.\" \/>\n<meta property=\"og:url\" content=\"https:\/\/brixi.ca\/fr\/ambiances-corporatives-brixi\/\" \/>\n<meta property=\"og:site_name\" content=\"Brixi\" \/>\n<meta property=\"article:modified_time\" content=\"2015-11-13T15:18:30+00:00\" \/>\n<meta name=\"twitter:card\" content=\"summary_large_image\" \/>\n<meta name=\"twitter:label1\" content=\"Dur\u00e9e de lecture estim\u00e9e\" \/>\n\t<meta name=\"twitter:data1\" content=\"1 minute\" \/>\n<script type=\"application\/ld+json\" class=\"yoast-schema-graph\">{\"@context\":\"https:\/\/schema.org\",\"@graph\":[{\"@type\":\"WebSite\",\"@id\":\"https:\/\/brixi.ca\/fr\/#website\",\"url\":\"https:\/\/brixi.ca\/fr\/\",\"name\":\"Brixi\",\"description\":\"Just another WordPress site\",\"potentialAction\":[{\"@type\":\"SearchAction\",\"target\":{\"@type\":\"EntryPoint\",\"urlTemplate\":\"https:\/\/brixi.ca\/fr\/?s={search_term_string}\"},\"query-input\":\"required name=search_term_string\"}],\"inLanguage\":\"fr-FR\"},{\"@type\":\"WebPage\",\"@id\":\"https:\/\/brixi.ca\/fr\/ambiances-corporatives-brixi\/#webpage\",\"url\":\"https:\/\/brixi.ca\/fr\/ambiances-corporatives-brixi\/\",\"name\":\"Ambiances Corporatives Brixi - Brixi\",\"isPartOf\":{\"@id\":\"https:\/\/brixi.ca\/fr\/#website\"},\"datePublished\":\"2015-05-04T20:22:53+00:00\",\"dateModified\":\"2015-11-13T15:18:30+00:00\",\"description\":\"D\\u00e9couvrez certains de nos espaces locatifs ainsi que les milieux de vie qui les habitent! Environnement agr\\u00e9ables, sains et s\\u00e9curitaires.\",\"breadcrumb\":{\"@id\":\"https:\/\/brixi.ca\/fr\/ambiances-corporatives-brixi\/#breadcrumb\"},\"inLanguage\":\"fr-FR\",\"potentialAction\":[{\"@type\":\"ReadAction\",\"target\":[\"https:\/\/brixi.ca\/fr\/ambiances-corporatives-brixi\/\"]}]},{\"@type\":\"BreadcrumbList\",\"@id\":\"https:\/\/brixi.ca\/fr\/ambiances-corporatives-brixi\/#breadcrumb\",\"itemListElement\":[{\"@type\":\"ListItem\",\"position\":1,\"name\":\"Home\",\"item\":\"https:\/\/brixi.ca\/fr\/\"},{\"@type\":\"ListItem\",\"position\":2,\"name\":\"Ambiances Corporatives Brixi\"}]}]}<\/script>\n<!-- \/ Yoast SEO plugin. -->","yoast_head_json":{"description":"D\u00e9couvrez certains de nos espaces locatifs ainsi que les milieux de vie qui les habitent! Environnement agr\u00e9ables, sains et s\u00e9curitaires.","robots":{"index":"index","follow":"follow","max-snippet":"max-snippet:-1","max-image-preview":"max-image-preview:large","max-video-preview":"max-video-preview:-1"},"canonical":"https:\/\/brixi.ca\/fr\/ambiances-corporatives-brixi\/","og_locale":"fr_FR","og_type":"article","og_title":"Ambiances Corporatives Brixi - Brixi","og_description":"D\u00e9couvrez certains de nos espaces locatifs ainsi que les milieux de vie qui les habitent! Environnement agr\u00e9ables, sains et s\u00e9curitaires.","og_url":"https:\/\/brixi.ca\/fr\/ambiances-corporatives-brixi\/","og_site_name":"Brixi","article_modified_time":"2015-11-13T15:18:30+00:00","twitter_card":"summary_large_image","twitter_misc":{"Dur\u00e9e de lecture estim\u00e9e":"1 minute"},"schema":{"@context":"https:\/\/schema.org","@graph":[{"@type":"WebSite","@id":"https:\/\/brixi.ca\/fr\/#website","url":"https:\/\/brixi.ca\/fr\/","name":"Brixi","description":"Just another WordPress site","potentialAction":[{"@type":"SearchAction","target":{"@type":"EntryPoint","urlTemplate":"https:\/\/brixi.ca\/fr\/?s={search_term_string}"},"query-input":"required name=search_term_string"}],"inLanguage":"fr-FR"},{"@type":"WebPage","@id":"https:\/\/brixi.ca\/fr\/ambiances-corporatives-brixi\/#webpage","url":"https:\/\/brixi.ca\/fr\/ambiances-corporatives-brixi\/","name":"Ambiances Corporatives Brixi - Brixi","isPartOf":{"@id":"https:\/\/brixi.ca\/fr\/#website"},"datePublished":"2015-05-04T20:22:53+00:00","dateModified":"2015-11-13T15:18:30+00:00","description":"D\u00e9couvrez certains de nos espaces locatifs ainsi que les milieux de vie qui les habitent! Environnement agr\u00e9ables, sains et s\u00e9curitaires.","breadcrumb":{"@id":"https:\/\/brixi.ca\/fr\/ambiances-corporatives-brixi\/#breadcrumb"},"inLanguage":"fr-FR","potentialAction":[{"@type":"ReadAction","target":["https:\/\/brixi.ca\/fr\/ambiances-corporatives-brixi\/"]}]},{"@type":"BreadcrumbList","@id":"https:\/\/brixi.ca\/fr\/ambiances-corporatives-brixi\/#breadcrumb","itemListElement":[{"@type":"ListItem","position":1,"name":"Home","item":"https:\/\/brixi.ca\/fr\/"},{"@type":"ListItem","position":2,"name":"Ambiances Corporatives Brixi"}]}]}},"_links":{"self":[{"href":"https:\/\/brixi.ca\/fr\/wp-json\/wp\/v2\/pages\/57\/"}],"collection":[{"href":"https:\/\/brixi.ca\/fr\/wp-json\/wp\/v2\/pages\/"}],"about":[{"href":"https:\/\/brixi.ca\/fr\/wp-json\/wp\/v2\/types\/page\/"}],"author":[{"embeddable":true,"href":"https:\/\/brixi.ca\/fr\/wp-json\/wp\/v2\/users\/1\/"}],"replies":[{"embeddable":true,"href":"https:\/\/brixi.ca\/fr\/wp-json\/wp\/v2\/comments\/?post=57"}],"version-history":[{"count":77,"href":"https:\/\/brixi.ca\/fr\/wp-json\/wp\/v2\/pages\/57\/revisions\/"}],"predecessor-version":[{"id":1480,"href":"https:\/\/brixi.ca\/fr\/wp-json\/wp\/v2\/pages\/57\/revisions\/1480\/"}],"wp:attachment":[{"href":"https:\/\/brixi.ca\/fr\/wp-json\/wp\/v2\/media\/?parent=57"}],"curies":[{"name":"wp","href":"https:\/\/api.w.org\/{rel}","templated":true}]}}