{"id":582,"date":"2015-05-15T16:47:43","date_gmt":"2015-05-15T20:47:43","guid":{"rendered":"http:\/\/brixi.local\/?page_id=582"},"modified":"2015-09-17T14:30:04","modified_gmt":"2015-09-17T18:30:04","slug":"avis-legal","status":"publish","type":"page","link":"https:\/\/brixi.ca\/fr\/avis-legal\/","title":{"rendered":"Avis l\u00e9gal"},"content":{"rendered":"<p>En utilisant notre site, vous acceptez les conditions d&rsquo;utilisation d\u00e9crites ci-dessous, lesquelles sont sujettes \u00e0 modification, sans pr\u00e9avis. De plus, vous acceptez de consulter ces conditions d&rsquo;utilisation de fa\u00e7on p\u00e9riodique et convenez que le fait de continuer d&rsquo;acc\u00e9der au site vaut acceptation des modifications qui y auront \u00e9t\u00e9 effectu\u00e9es.<\/p>\n<p>Nous nous engageons \u00e0 respecter la confidentialit\u00e9 des renseignements personnels que nous collectons.<\/p>\n<p><strong>Collecte des renseignements par formulaire<\/strong><\/p>\n<ul>\n<li>Nous collectons vos donn\u00e9es quand vous nous contactez.<\/li>\n<li>Nous collectons votre nom et votre adresse email si vous nous contactez via le site.<\/li>\n<\/ul>\n<p><strong>Utilisation de ces renseignements<\/strong><\/p>\n<ul>\n<li>Nous utilisons les donn\u00e9es vous concernant pour vous assurez du meilleur service client et de mieux comprendre vos besoins<\/li>\n<li>Nous nous r\u00e9servons le droit de r\u00e9pondre directement aux questions que vous nous auriez envoy\u00e9es par le formulaire de contact.<\/li>\n<li>Nous utilisons les renseignements fournis pour vous transmettre des renseignements concernant de nouveaux produits ou services.<\/li>\n<li>Nous utilisons \u00e9galement les renseignements vous concernant pour des projets de recherche internes.<\/li>\n<\/ul>\n<p><strong>Liens externes<\/strong><\/p>\n<p>Le site web peut contenir des liens vers d\u2019autres sites dont les pratiques de recueil d\u2019informations peuvent diff\u00e9rer des n\u00f4tres. Nous ne sommes pas responsable des pratiques de recueil d\u2019informations des autres sites. Comme nous n\u2019avons aucun contr\u00f4le sur les renseignements recueillis par ces tiers, les visiteurs doivent consulter les avis relatifs \u00e0 la politique de confidentialit\u00e9 de chacun des sites externes.<\/p>\n<p><strong>Options de confidentialit\u00e9<\/strong><\/p>\n<p>Si vous pr\u00e9f\u00e9rez ne pas recevoir nos infolettres, veuillez cliquer sur le lien \u00ab se d\u00e9sinscrire \u00bb qui figurera dans le prochain courriel que nous vous enverrons.<\/p>\n<p><strong>Comment nous contacter<\/strong><\/p>\n<p>Pour toute question ou commentaire sur notre politique de confidentialit\u00e9, contactez-nous \u00e0 l\u2019aide du formulaire de contact ou en nous envoyant un courrier \u00e0 l\u2019adresse suivante :<\/p>\n<p><a href=\"https:\/\/goo.gl\/b6TcP6\" target=\"_blank\">2 Boul Desaulniers Suite 102<\/a><br \/>\n<a href=\"https:\/\/goo.gl\/b6TcP6\">Saint-Lambert, Qu\u00e9bec J4P 1L3<\/a><\/p>\n","protected":false},"excerpt":{"rendered":"<p>En utilisant notre site, vous acceptez les conditions d&rsquo;utilisation d\u00e9crites ci-dessous, lesquelles sont sujettes \u00e0 modification, sans pr\u00e9avis. De plus, vous acceptez de consulter ces conditions d&rsquo;utilisation de fa\u00e7on p\u00e9riodique et convenez que le fait de continuer d&rsquo;acc\u00e9der au site vaut acceptation des modifications qui y auront \u00e9t\u00e9 effectu\u00e9es. Nous nous engageons \u00e0 respecter la [&hellip;]<\/p>\n","protected":false},"author":1,"featured_media":0,"parent":0,"menu_order":0,"comment_status":"open","ping_status":"open","template":"","meta":[],"yoast_head":"<!-- This site is optimized with the Yoast SEO plugin v17.3 - https:\/\/yoast.com\/wordpress\/plugins\/seo\/ -->\n<meta name=\"description\" content=\"La flexibilit\u00e9 et l&#039;\u00e9coute de vos besoins sont au coeur des nos pr\u00e9occupations et nous nous engageons \u00e0 respecter la confidentialit\u00e9 des renseignements personnels que nous collectons.\" \/>\n<meta name=\"robots\" content=\"index, follow, max-snippet:-1, max-image-preview:large, max-video-preview:-1\" \/>\n<link rel=\"canonical\" href=\"https:\/\/brixi.ca\/fr\/avis-legal\/\" \/>\n<meta property=\"og:locale\" content=\"fr_FR\" \/>\n<meta property=\"og:type\" content=\"article\" \/>\n<meta property=\"og:title\" content=\"Avis l\u00e9gal - Brixi\" \/>\n<meta property=\"og:description\" content=\"La flexibilit\u00e9 et l&#039;\u00e9coute de vos besoins sont au coeur des nos pr\u00e9occupations et nous nous engageons \u00e0 respecter la confidentialit\u00e9 des renseignements personnels que nous collectons.\" \/>\n<meta property=\"og:url\" content=\"https:\/\/brixi.ca\/fr\/avis-legal\/\" \/>\n<meta property=\"og:site_name\" content=\"Brixi\" \/>\n<meta property=\"article:modified_time\" content=\"2015-09-17T18:30:04+00:00\" \/>\n<meta name=\"twitter:card\" content=\"summary_large_image\" \/>\n<meta name=\"twitter:label1\" content=\"Dur\u00e9e de lecture estim\u00e9e\" \/>\n\t<meta name=\"twitter:data1\" content=\"2 minutes\" \/>\n<script type=\"application\/ld+json\" class=\"yoast-schema-graph\">{\"@context\":\"https:\/\/schema.org\",\"@graph\":[{\"@type\":\"WebSite\",\"@id\":\"https:\/\/brixi.ca\/fr\/#website\",\"url\":\"https:\/\/brixi.ca\/fr\/\",\"name\":\"Brixi\",\"description\":\"Just another WordPress site\",\"potentialAction\":[{\"@type\":\"SearchAction\",\"target\":{\"@type\":\"EntryPoint\",\"urlTemplate\":\"https:\/\/brixi.ca\/fr\/?s={search_term_string}\"},\"query-input\":\"required name=search_term_string\"}],\"inLanguage\":\"fr-FR\"},{\"@type\":\"WebPage\",\"@id\":\"https:\/\/brixi.ca\/fr\/avis-legal\/#webpage\",\"url\":\"https:\/\/brixi.ca\/fr\/avis-legal\/\",\"name\":\"Avis l\\u00e9gal - Brixi\",\"isPartOf\":{\"@id\":\"https:\/\/brixi.ca\/fr\/#website\"},\"datePublished\":\"2015-05-15T20:47:43+00:00\",\"dateModified\":\"2015-09-17T18:30:04+00:00\",\"description\":\"La flexibilit\\u00e9 et l'\\u00e9coute de vos besoins sont au coeur des nos pr\\u00e9occupations et nous nous engageons \\u00e0 respecter la confidentialit\\u00e9 des renseignements personnels que nous collectons.\",\"breadcrumb\":{\"@id\":\"https:\/\/brixi.ca\/fr\/avis-legal\/#breadcrumb\"},\"inLanguage\":\"fr-FR\",\"potentialAction\":[{\"@type\":\"ReadAction\",\"target\":[\"https:\/\/brixi.ca\/fr\/avis-legal\/\"]}]},{\"@type\":\"BreadcrumbList\",\"@id\":\"https:\/\/brixi.ca\/fr\/avis-legal\/#breadcrumb\",\"itemListElement\":[{\"@type\":\"ListItem\",\"position\":1,\"name\":\"Home\",\"item\":\"https:\/\/brixi.ca\/fr\/\"},{\"@type\":\"ListItem\",\"position\":2,\"name\":\"Avis l\\u00e9gal\"}]}]}<\/script>\n<!-- \/ Yoast SEO plugin. -->","yoast_head_json":{"description":"La flexibilit\u00e9 et l'\u00e9coute de vos besoins sont au coeur des nos pr\u00e9occupations et nous nous engageons \u00e0 respecter la confidentialit\u00e9 des renseignements personnels que nous collectons.","robots":{"index":"index","follow":"follow","max-snippet":"max-snippet:-1","max-image-preview":"max-image-preview:large","max-video-preview":"max-video-preview:-1"},"canonical":"https:\/\/brixi.ca\/fr\/avis-legal\/","og_locale":"fr_FR","og_type":"article","og_title":"Avis l\u00e9gal - Brixi","og_description":"La flexibilit\u00e9 et l'\u00e9coute de vos besoins sont au coeur des nos pr\u00e9occupations et nous nous engageons \u00e0 respecter la confidentialit\u00e9 des renseignements personnels que nous collectons.","og_url":"https:\/\/brixi.ca\/fr\/avis-legal\/","og_site_name":"Brixi","article_modified_time":"2015-09-17T18:30:04+00:00","twitter_card":"summary_large_image","twitter_misc":{"Dur\u00e9e de lecture estim\u00e9e":"2 minutes"},"schema":{"@context":"https:\/\/schema.org","@graph":[{"@type":"WebSite","@id":"https:\/\/brixi.ca\/fr\/#website","url":"https:\/\/brixi.ca\/fr\/","name":"Brixi","description":"Just another WordPress site","potentialAction":[{"@type":"SearchAction","target":{"@type":"EntryPoint","urlTemplate":"https:\/\/brixi.ca\/fr\/?s={search_term_string}"},"query-input":"required name=search_term_string"}],"inLanguage":"fr-FR"},{"@type":"WebPage","@id":"https:\/\/brixi.ca\/fr\/avis-legal\/#webpage","url":"https:\/\/brixi.ca\/fr\/avis-legal\/","name":"Avis l\u00e9gal - Brixi","isPartOf":{"@id":"https:\/\/brixi.ca\/fr\/#website"},"datePublished":"2015-05-15T20:47:43+00:00","dateModified":"2015-09-17T18:30:04+00:00","description":"La flexibilit\u00e9 et l'\u00e9coute de vos besoins sont au coeur des nos pr\u00e9occupations et nous nous engageons \u00e0 respecter la confidentialit\u00e9 des renseignements personnels que nous collectons.","breadcrumb":{"@id":"https:\/\/brixi.ca\/fr\/avis-legal\/#breadcrumb"},"inLanguage":"fr-FR","potentialAction":[{"@type":"ReadAction","target":["https:\/\/brixi.ca\/fr\/avis-legal\/"]}]},{"@type":"BreadcrumbList","@id":"https:\/\/brixi.ca\/fr\/avis-legal\/#breadcrumb","itemListElement":[{"@type":"ListItem","position":1,"name":"Home","item":"https:\/\/brixi.ca\/fr\/"},{"@type":"ListItem","position":2,"name":"Avis l\u00e9gal"}]}]}},"_links":{"self":[{"href":"https:\/\/brixi.ca\/fr\/wp-json\/wp\/v2\/pages\/582\/"}],"collection":[{"href":"https:\/\/brixi.ca\/fr\/wp-json\/wp\/v2\/pages\/"}],"about":[{"href":"https:\/\/brixi.ca\/fr\/wp-json\/wp\/v2\/types\/page\/"}],"author":[{"embeddable":true,"href":"https:\/\/brixi.ca\/fr\/wp-json\/wp\/v2\/users\/1\/"}],"replies":[{"embeddable":true,"href":"https:\/\/brixi.ca\/fr\/wp-json\/wp\/v2\/comments\/?post=582"}],"version-history":[{"count":9,"href":"https:\/\/brixi.ca\/fr\/wp-json\/wp\/v2\/pages\/582\/revisions\/"}],"predecessor-version":[{"id":1364,"href":"https:\/\/brixi.ca\/fr\/wp-json\/wp\/v2\/pages\/582\/revisions\/1364\/"}],"wp:attachment":[{"href":"https:\/\/brixi.ca\/fr\/wp-json\/wp\/v2\/media\/?parent=582"}],"curies":[{"name":"wp","href":"https:\/\/api.w.org\/{rel}","templated":true}]}}